{"id":1301,"date":"2018-05-30T07:35:08","date_gmt":"2018-05-30T07:35:08","guid":{"rendered":"http:\/\/tavapan.ch\/produkteseite\/"},"modified":"2021-08-31T08:48:03","modified_gmt":"2021-08-31T06:48:03","slug":"produits","status":"publish","type":"page","link":"https:\/\/www.tavapan.ch\/fr\/produits\/","title":{"rendered":"Produits"},"content":{"rendered":"<p>Panneaux plaqu\u00e9s<\/p>\n<h3>Panneaux plaqu\u00e9s<\/h3>\n<p><img decoding=\"async\" src=\"https:\/\/www.tavapan.ch\/wp-content\/uploads\/2019\/04\/TAVAPLAC_span-1.jpg\" alt=\"TAVAPLAC furnierte Platten\"><\/p>\n<h3>TAVAPLAC<\/h3>\n<h4>Panneaux agglom\u00e9r\u00e9s, MDF et pl\u00e2tre plaqu\u00e9s avec du placage de bois v\u00e9ritable.<\/h4>\n<p><a href=\"https:\/\/www.tavapan.ch\/fr\/produits\/panneaux-plaques\/tavaplac\/\">https:\/\/www.tavapan.ch\/fr\/produits\/panneaux-plaques\/tavaplac\/<\/a><\/p>\n<p><img decoding=\"async\" src=\"https:\/\/www.tavapan.ch\/wp-content\/uploads\/2019\/04\/TAVADECOR-1.jpg\" alt=\"TAVADECOR belegte Platten\"><\/p>\n<h3>TAVADECOR<\/h3>\n<h4>Panneaux agglom\u00e9r\u00e9s, MDF et pl\u00e2tre plaqu\u00e9s avec divers d\u00e9cors.<\/h4>\n<p><a href=\"https:\/\/www.tavapan.ch\/fr\/produits\/panneaux-plaques\/tavadecor\/\">https:\/\/www.tavapan.ch\/fr\/produits\/panneaux-plaques\/tavadecor\/<\/a><\/p>\n<p>Panneaux acoustiques<\/p>\n<h3>Panneaux acoustiques<\/h3>\n<p><img decoding=\"async\" src=\"https:\/\/www.tavapan.ch\/wp-content\/uploads\/2019\/04\/DEWETON-1.jpg\" alt=\"DEWETON\"><\/p>\n<h3>DEWETON<\/h3>\n<h4>Intemporel. Panneau agglom\u00e9r\u00e9 tubulaire avec rainures.<\/h4>\n<p><a href=\"https:\/\/www.tavapan.ch\/fr\/produits\/panneaux-acoustiques\/deweton\/\">https:\/\/www.tavapan.ch\/fr\/produits\/panneaux-acoustiques\/deweton\/<\/a><\/p>\n<p><img decoding=\"async\" src=\"https:\/\/www.tavapan.ch\/wp-content\/uploads\/2019\/04\/CREAWOOD-1.jpg\" alt=\"CREAWOOD Akustikplatten MDF\"><\/p>\n<h3>CREAWOOD<\/h3>\n<h4>Cr\u00e9atif. MDF \u00e0 rainures crois\u00e9es.<\/h4>\n<p><a href=\"https:\/\/www.tavapan.ch\/fr\/produits\/panneaux-acoustiques\/creawood\/\">https:\/\/www.tavapan.ch\/fr\/produits\/panneaux-acoustiques\/creawood\/<\/a><\/p>\n<p><img decoding=\"async\" src=\"https:\/\/www.tavapan.ch\/wp-content\/uploads\/2019\/04\/TAVAPERF-1.jpg\" alt=\"TAVAPERF akustische Platten\"><\/p>\n<h3>TAVAPERF<\/h3>\n<h4>Universel. Panneau MDF, pl\u00e2tre ou agglom\u00e9r\u00e9 perfor\u00e9.<\/h4>\n<p><a href=\"https:\/\/www.tavapan.ch\/fr\/produits\/panneaux-acoustiques\/tavaperf\/\">https:\/\/www.tavapan.ch\/fr\/produits\/panneaux-acoustiques\/tavaperf\/<\/a><\/p>\n<p>Panneaux composites<\/p>\n<h3>Panneaux composites<\/h3>\n<p><img decoding=\"async\" src=\"https:\/\/www.tavapan.ch\/wp-content\/uploads\/2019\/04\/TAVAPETpvc-1.jpg\" alt=\"TAVAPETpvc Rahmenverbreiterung PVC\"><\/p>\n<h3>TAVAPETpvc<\/h3>\n<h4>\u00c9l\u00e9ment sandwich avec joues en pvc et partie m\u00e9diane en mousse PET.<\/h4>\n<p><a href=\"https:\/\/www.tavapan.ch\/fr\/produits\/elements-sandwich\/tavapetpvc\/\">https:\/\/www.tavapan.ch\/fr\/produits\/elements-sandwich\/tavapetpvc\/<\/a><\/p>\n<p><img decoding=\"async\" src=\"https:\/\/www.tavapan.ch\/wp-content\/uploads\/2019\/04\/TAVAPETclip-1.jpg\" alt=\"TAVAPETclip Rahmenverbreiterung PVC\"><\/p>\n<h3>TAVAPETclip<\/h3>\n<h4>\u00c9l\u00e9ment sandwich avec joues en pvc et partie m\u00e9diane en mousse PET.<\/h4>\n<p><a href=\"https:\/\/www.tavapan.ch\/fr\/produits\/elements-sandwich\/tavapetclip\/\">https:\/\/www.tavapan.ch\/fr\/produits\/elements-sandwich\/tavapetclip\/<\/a><\/p>\n<p><img decoding=\"async\" src=\"https:\/\/www.tavapan.ch\/wp-content\/uploads\/2019\/04\/TAVAPETintegral-1.jpg\" alt=\"TAVAPETintegral Schwellenelement\"><\/p>\n<h3>TAVAPETintegral<\/h3>\n<h4>\u00c9l\u00e9ment sandwich pour des portes coulissantes.<\/h4>\n<p><a href=\"https:\/\/www.tavapan.ch\/fr\/produits\/elements-sandwich\/tavapetintegral\/\">https:\/\/www.tavapan.ch\/fr\/produits\/elements-sandwich\/tavapetintegral\/<\/a><\/p>\n<p><img decoding=\"async\" src=\"https:\/\/www.tavapan.ch\/wp-content\/uploads\/2019\/04\/TAVAPETwood-1.jpg\" alt=\"TAVAPETwood Rahmenverbreiterung Holzfenster\"><\/p>\n<h3>TAVAPETwood<\/h3>\n<h4>\u00c9l\u00e9ment sandwich avec joues en MDF ext\u00e9rieur et partie m\u00e9diane en mousse PET.<\/h4>\n<p><a href=\"https:\/\/www.tavapan.ch\/fr\/produits\/elements-sandwich\/tavapetwood\/\">https:\/\/www.tavapan.ch\/fr\/produits\/elements-sandwich\/tavapetwood\/<\/a><\/p>\n<p><img decoding=\"async\" src=\"https:\/\/www.tavapan.ch\/wp-content\/uploads\/2019\/04\/TAVAPOLY-1.jpg\" alt=\"TAVAPOLY Rahmenverbreiterungen Holz\"><\/p>\n<h3>TAVAPOLY<\/h3>\n<h4>Panneaux d\u2019\u00e9largissement avec joues en agglom\u00e9r\u00e9 ou MDF et \u00e2me en mousse polyur\u00e9thane.<\/h4>\n<p><a href=\"https:\/\/www.tavapan.ch\/fr\/produits\/elements-sandwich\/tavapoly\/\">https:\/\/www.tavapan.ch\/fr\/produits\/elements-sandwich\/tavapoly\/<\/a><\/p>\n\n\n<p><\/p>\n","protected":false},"excerpt":{"rendered":"<p>Panneaux plaqu\u00e9s Panneaux plaqu\u00e9s TAVAPLAC Panneaux agglom\u00e9r\u00e9s, MDF et pl\u00e2tre plaqu\u00e9s avec du placage de bois v\u00e9ritable. https:\/\/www.tavapan.ch\/fr\/produits\/panneaux-plaques\/tavaplac\/ TAVADECOR Panneaux agglom\u00e9r\u00e9s, MDF et pl\u00e2tre plaqu\u00e9s avec<span class=\"excerpt-hellip\"> [\u2026]<\/span><\/p>\n","protected":false},"author":1,"featured_media":0,"parent":0,"menu_order":0,"comment_status":"closed","ping_status":"closed","template":"","meta":{"footnotes":""},"class_list":["post-1301","page","type-page","status-publish","hentry"],"yoast_head":"<!-- This site is optimized with the Yoast SEO plugin v27.5 - https:\/\/yoast.com\/product\/yoast-seo-wordpress\/ -->\n<title>Tavapan - panneaux plaqu\u00e9s, panneaux acoustiques, panneaux composites<\/title>\n<meta name=\"description\" content=\"Notre offre comprend des panneaux plaqu\u00e9s et des \u00e9l\u00e9ments acoustiques ainsi que des \u00e9largissements de fen\u00eatres. D\u00e9couvrez votre produit appropri\u00e9.\" \/>\n<meta name=\"robots\" content=\"index, follow, max-snippet:-1, max-image-preview:large, max-video-preview:-1\" \/>\n<link rel=\"canonical\" href=\"https:\/\/www.tavapan.ch\/fr\/produits\/\" \/>\n<meta property=\"og:locale\" content=\"fr_FR\" \/>\n<meta property=\"og:type\" content=\"article\" \/>\n<meta property=\"og:title\" content=\"Tavapan - panneaux plaqu\u00e9s, panneaux acoustiques, panneaux composites\" \/>\n<meta property=\"og:description\" content=\"Notre offre comprend des panneaux plaqu\u00e9s et des \u00e9l\u00e9ments acoustiques ainsi que des \u00e9largissements de fen\u00eatres. D\u00e9couvrez votre produit appropri\u00e9.\" \/>\n<meta property=\"og:url\" content=\"https:\/\/www.tavapan.ch\/fr\/produits\/\" \/>\n<meta property=\"og:site_name\" content=\"tavapan.ch\" \/>\n<meta property=\"article:modified_time\" content=\"2021-08-31T06:48:03+00:00\" \/>\n<meta property=\"og:image\" content=\"https:\/\/www.tavapan.ch\/wp-content\/uploads\/2019\/04\/TAVAPLAC_span-1.jpg\" \/>\n<meta name=\"twitter:card\" content=\"summary_large_image\" \/>\n<meta name=\"twitter:label1\" content=\"Dur\u00e9e de lecture estim\u00e9e\" \/>\n\t<meta name=\"twitter:data1\" content=\"3 minutes\" \/>\n<script type=\"application\/ld+json\" class=\"yoast-schema-graph\">{\"@context\":\"https:\\\/\\\/schema.org\",\"@graph\":[{\"@type\":\"WebPage\",\"@id\":\"https:\\\/\\\/www.tavapan.ch\\\/fr\\\/produits\\\/\",\"url\":\"https:\\\/\\\/www.tavapan.ch\\\/fr\\\/produits\\\/\",\"name\":\"Tavapan - panneaux plaqu\u00e9s, panneaux acoustiques, panneaux composites\",\"isPartOf\":{\"@id\":\"https:\\\/\\\/www.tavapan.ch\\\/fr\\\/#website\"},\"primaryImageOfPage\":{\"@id\":\"https:\\\/\\\/www.tavapan.ch\\\/fr\\\/produits\\\/#primaryimage\"},\"image\":{\"@id\":\"https:\\\/\\\/www.tavapan.ch\\\/fr\\\/produits\\\/#primaryimage\"},\"thumbnailUrl\":\"https:\\\/\\\/www.tavapan.ch\\\/wp-content\\\/uploads\\\/2019\\\/04\\\/TAVAPLAC_span-1.jpg\",\"datePublished\":\"2018-05-30T07:35:08+00:00\",\"dateModified\":\"2021-08-31T06:48:03+00:00\",\"description\":\"Notre offre comprend des panneaux plaqu\u00e9s et des \u00e9l\u00e9ments acoustiques ainsi que des \u00e9largissements de fen\u00eatres. D\u00e9couvrez votre produit appropri\u00e9.\",\"breadcrumb\":{\"@id\":\"https:\\\/\\\/www.tavapan.ch\\\/fr\\\/produits\\\/#breadcrumb\"},\"inLanguage\":\"fr-FR\",\"potentialAction\":[{\"@type\":\"ReadAction\",\"target\":[\"https:\\\/\\\/www.tavapan.ch\\\/fr\\\/produits\\\/\"]}]},{\"@type\":\"ImageObject\",\"inLanguage\":\"fr-FR\",\"@id\":\"https:\\\/\\\/www.tavapan.ch\\\/fr\\\/produits\\\/#primaryimage\",\"url\":\"https:\\\/\\\/www.tavapan.ch\\\/wp-content\\\/uploads\\\/2019\\\/04\\\/TAVAPLAC_span-1.jpg\",\"contentUrl\":\"https:\\\/\\\/www.tavapan.ch\\\/wp-content\\\/uploads\\\/2019\\\/04\\\/TAVAPLAC_span-1.jpg\"},{\"@type\":\"BreadcrumbList\",\"@id\":\"https:\\\/\\\/www.tavapan.ch\\\/fr\\\/produits\\\/#breadcrumb\",\"itemListElement\":[{\"@type\":\"ListItem\",\"position\":1,\"name\":\"Home\",\"item\":\"https:\\\/\\\/www.tavapan.ch\\\/fr\\\/\"},{\"@type\":\"ListItem\",\"position\":2,\"name\":\"Produits\"}]},{\"@type\":\"WebSite\",\"@id\":\"https:\\\/\\\/www.tavapan.ch\\\/fr\\\/#website\",\"url\":\"https:\\\/\\\/www.tavapan.ch\\\/fr\\\/\",\"name\":\"tavapan.ch\",\"description\":\"Tavapan SA\",\"publisher\":{\"@id\":\"https:\\\/\\\/www.tavapan.ch\\\/fr\\\/#organization\"},\"potentialAction\":[{\"@type\":\"SearchAction\",\"target\":{\"@type\":\"EntryPoint\",\"urlTemplate\":\"https:\\\/\\\/www.tavapan.ch\\\/fr\\\/?s={search_term_string}\"},\"query-input\":{\"@type\":\"PropertyValueSpecification\",\"valueRequired\":true,\"valueName\":\"search_term_string\"}}],\"inLanguage\":\"fr-FR\"},{\"@type\":\"Organization\",\"@id\":\"https:\\\/\\\/www.tavapan.ch\\\/fr\\\/#organization\",\"name\":\"Tavapan SA\",\"url\":\"https:\\\/\\\/www.tavapan.ch\\\/fr\\\/\",\"logo\":{\"@type\":\"ImageObject\",\"inLanguage\":\"fr-FR\",\"@id\":\"https:\\\/\\\/www.tavapan.ch\\\/fr\\\/#\\\/schema\\\/logo\\\/image\\\/\",\"url\":\"https:\\\/\\\/www.tavapan.ch\\\/wp-content\\\/uploads\\\/2018\\\/02\\\/favicon.ico\",\"contentUrl\":\"https:\\\/\\\/www.tavapan.ch\\\/wp-content\\\/uploads\\\/2018\\\/02\\\/favicon.ico\",\"caption\":\"Tavapan SA\"},\"image\":{\"@id\":\"https:\\\/\\\/www.tavapan.ch\\\/fr\\\/#\\\/schema\\\/logo\\\/image\\\/\"}}]}<\/script>\n<!-- \/ Yoast SEO plugin. -->","yoast_head_json":{"title":"Tavapan - panneaux plaqu\u00e9s, panneaux acoustiques, panneaux composites","description":"Notre offre comprend des panneaux plaqu\u00e9s et des \u00e9l\u00e9ments acoustiques ainsi que des \u00e9largissements de fen\u00eatres. D\u00e9couvrez votre produit appropri\u00e9.","robots":{"index":"index","follow":"follow","max-snippet":"max-snippet:-1","max-image-preview":"max-image-preview:large","max-video-preview":"max-video-preview:-1"},"canonical":"https:\/\/www.tavapan.ch\/fr\/produits\/","og_locale":"fr_FR","og_type":"article","og_title":"Tavapan - panneaux plaqu\u00e9s, panneaux acoustiques, panneaux composites","og_description":"Notre offre comprend des panneaux plaqu\u00e9s et des \u00e9l\u00e9ments acoustiques ainsi que des \u00e9largissements de fen\u00eatres. D\u00e9couvrez votre produit appropri\u00e9.","og_url":"https:\/\/www.tavapan.ch\/fr\/produits\/","og_site_name":"tavapan.ch","article_modified_time":"2021-08-31T06:48:03+00:00","og_image":[{"url":"https:\/\/www.tavapan.ch\/wp-content\/uploads\/2019\/04\/TAVAPLAC_span-1.jpg","type":"","width":"","height":""}],"twitter_card":"summary_large_image","twitter_misc":{"Dur\u00e9e de lecture estim\u00e9e":"3 minutes"},"schema":{"@context":"https:\/\/schema.org","@graph":[{"@type":"WebPage","@id":"https:\/\/www.tavapan.ch\/fr\/produits\/","url":"https:\/\/www.tavapan.ch\/fr\/produits\/","name":"Tavapan - panneaux plaqu\u00e9s, panneaux acoustiques, panneaux composites","isPartOf":{"@id":"https:\/\/www.tavapan.ch\/fr\/#website"},"primaryImageOfPage":{"@id":"https:\/\/www.tavapan.ch\/fr\/produits\/#primaryimage"},"image":{"@id":"https:\/\/www.tavapan.ch\/fr\/produits\/#primaryimage"},"thumbnailUrl":"https:\/\/www.tavapan.ch\/wp-content\/uploads\/2019\/04\/TAVAPLAC_span-1.jpg","datePublished":"2018-05-30T07:35:08+00:00","dateModified":"2021-08-31T06:48:03+00:00","description":"Notre offre comprend des panneaux plaqu\u00e9s et des \u00e9l\u00e9ments acoustiques ainsi que des \u00e9largissements de fen\u00eatres. D\u00e9couvrez votre produit appropri\u00e9.","breadcrumb":{"@id":"https:\/\/www.tavapan.ch\/fr\/produits\/#breadcrumb"},"inLanguage":"fr-FR","potentialAction":[{"@type":"ReadAction","target":["https:\/\/www.tavapan.ch\/fr\/produits\/"]}]},{"@type":"ImageObject","inLanguage":"fr-FR","@id":"https:\/\/www.tavapan.ch\/fr\/produits\/#primaryimage","url":"https:\/\/www.tavapan.ch\/wp-content\/uploads\/2019\/04\/TAVAPLAC_span-1.jpg","contentUrl":"https:\/\/www.tavapan.ch\/wp-content\/uploads\/2019\/04\/TAVAPLAC_span-1.jpg"},{"@type":"BreadcrumbList","@id":"https:\/\/www.tavapan.ch\/fr\/produits\/#breadcrumb","itemListElement":[{"@type":"ListItem","position":1,"name":"Home","item":"https:\/\/www.tavapan.ch\/fr\/"},{"@type":"ListItem","position":2,"name":"Produits"}]},{"@type":"WebSite","@id":"https:\/\/www.tavapan.ch\/fr\/#website","url":"https:\/\/www.tavapan.ch\/fr\/","name":"tavapan.ch","description":"Tavapan SA","publisher":{"@id":"https:\/\/www.tavapan.ch\/fr\/#organization"},"potentialAction":[{"@type":"SearchAction","target":{"@type":"EntryPoint","urlTemplate":"https:\/\/www.tavapan.ch\/fr\/?s={search_term_string}"},"query-input":{"@type":"PropertyValueSpecification","valueRequired":true,"valueName":"search_term_string"}}],"inLanguage":"fr-FR"},{"@type":"Organization","@id":"https:\/\/www.tavapan.ch\/fr\/#organization","name":"Tavapan SA","url":"https:\/\/www.tavapan.ch\/fr\/","logo":{"@type":"ImageObject","inLanguage":"fr-FR","@id":"https:\/\/www.tavapan.ch\/fr\/#\/schema\/logo\/image\/","url":"https:\/\/www.tavapan.ch\/wp-content\/uploads\/2018\/02\/favicon.ico","contentUrl":"https:\/\/www.tavapan.ch\/wp-content\/uploads\/2018\/02\/favicon.ico","caption":"Tavapan SA"},"image":{"@id":"https:\/\/www.tavapan.ch\/fr\/#\/schema\/logo\/image\/"}}]}},"_links":{"self":[{"href":"https:\/\/www.tavapan.ch\/fr\/wp-json\/wp\/v2\/pages\/1301","targetHints":{"allow":["GET"]}}],"collection":[{"href":"https:\/\/www.tavapan.ch\/fr\/wp-json\/wp\/v2\/pages"}],"about":[{"href":"https:\/\/www.tavapan.ch\/fr\/wp-json\/wp\/v2\/types\/page"}],"author":[{"embeddable":true,"href":"https:\/\/www.tavapan.ch\/fr\/wp-json\/wp\/v2\/users\/1"}],"replies":[{"embeddable":true,"href":"https:\/\/www.tavapan.ch\/fr\/wp-json\/wp\/v2\/comments?post=1301"}],"version-history":[{"count":10,"href":"https:\/\/www.tavapan.ch\/fr\/wp-json\/wp\/v2\/pages\/1301\/revisions"}],"predecessor-version":[{"id":3718,"href":"https:\/\/www.tavapan.ch\/fr\/wp-json\/wp\/v2\/pages\/1301\/revisions\/3718"}],"wp:attachment":[{"href":"https:\/\/www.tavapan.ch\/fr\/wp-json\/wp\/v2\/media?parent=1301"}],"curies":[{"name":"wp","href":"https:\/\/api.w.org\/{rel}","templated":true}]}}