{"id":1303,"date":"2018-05-30T06:34:23","date_gmt":"2018-05-30T06:34:23","guid":{"rendered":"http:\/\/tavapan.ch\/produkteseite\/tavaplac\/"},"modified":"2024-11-20T08:24:27","modified_gmt":"2024-11-20T07:24:27","slug":"tavaplac","status":"publish","type":"page","link":"https:\/\/www.tavapan.ch\/fr\/produits\/panneaux-plaques\/tavaplac\/","title":{"rendered":"TAVAPLAC"},"content":{"rendered":"<h2>TAVAPLAC<\/h2>\n<p>L\u2019application de placage dans l\u2019am\u00e9nagement int\u00e9rieur n\u2019est pas toujours ais\u00e9e ; en plus du choix de l\u2019essence de bois, il demeure des exigences en mati\u00e8re d\u2019uniformit\u00e9 de la structure, de la largeur des feuilles de placage et de leur assemblage. TAVAPAN a une longue exp\u00e9rience dans la mise en \u0153uvre de projets exigeants et a le d\u00e9sir d\u2019ex\u00e9cuter conform\u00e9ment ses contrats. Par cons\u00e9quent, les panneaux plaqu\u00e9s ne sont pas, pour nous, une marchandise standard, mais un produit fabriqu\u00e9 \u00e0 la commande.<\/p>\n<h4>Avantages<\/h4>\n<p>L\u2019utilisation de placage a un sens \u00e9conomique et \u00e9cologique. Le placage est produit avec un degr\u00e9 de valorisation \u00e9lev\u00e9 et est utilis\u00e9 avantageusement lors de la fabrication de panneaux plaqu\u00e9s bois. Ainsi, les bois nobles ne sont pas gaspill\u00e9s. Epargnez-vous un stock de placage et des travaux de placage co\u00fbteux afin de vous concentrer pleinement sur votre travail.<\/p>\n<p>Vous vous \u00e9conomisez un stock co\u00fbteux de placage<\/p>\n<p>Production \u00e0 la commande<\/p>\n<p>Conseils personnalis\u00e9s<\/p>\n<p>Qualit\u00e9 fiable<\/p>\n<p>Echantillonnage sur demande<\/p>\n<p>D\u00e9lais de livraison rapide, entre 1 \u00e0 3 semaines<\/p>\n<p>Panneaux supports<\/p>\n<p>MDF, agglom\u00e9r\u00e9, panneau pl\u00e2tre<\/p>\n<p>Placages<\/p>\n<p>Disponible dans pratiquement toutes les essences de bois. Disponible en placage reconstitu\u00e9 (p. ex. ALPI et TABU)<\/p>\n<p>Formats standard<\/p>\n<p>2780 x 2050 mm<\/p>\n<p>2050 x 2780 mm (non ponc\u00e9)<\/p>\n<p>4080x 2050 mm (selon disponibilit\u00e9 de l\\&rsquo;essence demand\u00e9e)<\/p>\n<p>Autres formats sur demande.<\/p>\n<p>Epaisseur du placage<\/p>\n<p>0.6 mm avec collage des joints.<\/p>\n<p>Autres \u00e9paisseurs sur demande.<\/p>\n<p>Qualit\u00e9 A<\/p>\n<p>(face visible ext\u00e9rieure)<\/p>\n<p>Largeur des feuilles de placage uniforme du m\u00eame lot par panneau, sans changement de placage<\/p>\n<p>Qualit\u00e9 B<\/p>\n<p>(face visible int\u00e9rieure)<\/p>\n<p>Diverses largeurs de feuilles de placage, avec changement de placage<\/p>\n<p>Qualit\u00e9 BB (non visible)<\/p>\n<p>Diverses essences de bois, non visible<\/p>\n<p>Type de placage<\/p>\n<p>Fil, mi-fil, coeur (dosse), d\u00e9roul\u00e9<\/p>\n<p>Assemblage du placage<\/p>\n<p>Tourn\u00e9 (\u00e0 livre ouvert), gliss\u00e9, m\u00e9lang\u00e9<\/p>\n<p>Solutions individuelles<\/p>\n<p>D\u00e9bitage sur mesure, autres panneaux supports, choix du placage fait par vos soins<\/p>\n","protected":false},"excerpt":{"rendered":"<p>TAVAPLAC L\u2019application de placage dans l\u2019am\u00e9nagement int\u00e9rieur n\u2019est pas toujours ais\u00e9e ; en plus du choix de l\u2019essence de bois, il demeure des exigences en mati\u00e8re<span class=\"excerpt-hellip\"> [\u2026]<\/span><\/p>\n","protected":false},"author":1,"featured_media":3356,"parent":1362,"menu_order":1,"comment_status":"closed","ping_status":"closed","template":"","meta":{"footnotes":""},"class_list":["post-1303","page","type-page","status-publish","has-post-thumbnail","hentry"],"yoast_head":"<!-- This site is optimized with the Yoast SEO plugin v27.5 - https:\/\/yoast.com\/product\/yoast-seo-wordpress\/ -->\n<title>TAVAPLAC \u2012 Panneaux plaqu\u00e9s de bois v\u00e9ritable sur mesure<\/title>\n<meta name=\"description\" content=\"Panneaux agglom\u00e9r\u00e9s, MDF et pl\u00e2tre plaqu\u00e9s avec du placage selon votre choix. D\u00e9coup\u00e9 sur mesure, avec \u00e9tiquettes et livraison \u00e0 l&#039;adresse mentionn\u00e9e.\" \/>\n<meta name=\"robots\" content=\"index, follow, max-snippet:-1, max-image-preview:large, max-video-preview:-1\" \/>\n<link rel=\"canonical\" href=\"https:\/\/www.tavapan.ch\/fr\/produits\/panneaux-plaques\/tavaplac\/\" \/>\n<meta property=\"og:locale\" content=\"fr_FR\" \/>\n<meta property=\"og:type\" content=\"article\" \/>\n<meta property=\"og:title\" content=\"TAVAPLAC \u2012 Panneaux plaqu\u00e9s de bois v\u00e9ritable sur mesure\" \/>\n<meta property=\"og:description\" content=\"Panneaux agglom\u00e9r\u00e9s, MDF et pl\u00e2tre plaqu\u00e9s avec du placage selon votre choix. D\u00e9coup\u00e9 sur mesure, avec \u00e9tiquettes et livraison \u00e0 l&#039;adresse mentionn\u00e9e.\" \/>\n<meta property=\"og:url\" content=\"https:\/\/www.tavapan.ch\/fr\/produits\/panneaux-plaques\/tavaplac\/\" \/>\n<meta property=\"og:site_name\" content=\"tavapan.ch\" \/>\n<meta property=\"article:modified_time\" content=\"2024-11-20T07:24:27+00:00\" \/>\n<meta property=\"og:image\" content=\"https:\/\/www.tavapan.ch\/wp-content\/uploads\/2019\/04\/TAVAPLAC_span-1.jpg\" \/>\n\t<meta property=\"og:image:width\" content=\"1920\" \/>\n\t<meta property=\"og:image:height\" content=\"1280\" \/>\n\t<meta property=\"og:image:type\" content=\"image\/jpeg\" \/>\n<meta name=\"twitter:card\" content=\"summary_large_image\" \/>\n<meta name=\"twitter:label1\" content=\"Dur\u00e9e de lecture estim\u00e9e\" \/>\n\t<meta name=\"twitter:data1\" content=\"2 minutes\" \/>\n<script type=\"application\/ld+json\" class=\"yoast-schema-graph\">{\"@context\":\"https:\\\/\\\/schema.org\",\"@graph\":[{\"@type\":\"WebPage\",\"@id\":\"https:\\\/\\\/www.tavapan.ch\\\/fr\\\/produits\\\/panneaux-plaques\\\/tavaplac\\\/\",\"url\":\"https:\\\/\\\/www.tavapan.ch\\\/fr\\\/produits\\\/panneaux-plaques\\\/tavaplac\\\/\",\"name\":\"TAVAPLAC \u2012 Panneaux plaqu\u00e9s de bois v\u00e9ritable sur mesure\",\"isPartOf\":{\"@id\":\"https:\\\/\\\/www.tavapan.ch\\\/fr\\\/#website\"},\"primaryImageOfPage\":{\"@id\":\"https:\\\/\\\/www.tavapan.ch\\\/fr\\\/produits\\\/panneaux-plaques\\\/tavaplac\\\/#primaryimage\"},\"image\":{\"@id\":\"https:\\\/\\\/www.tavapan.ch\\\/fr\\\/produits\\\/panneaux-plaques\\\/tavaplac\\\/#primaryimage\"},\"thumbnailUrl\":\"https:\\\/\\\/www.tavapan.ch\\\/wp-content\\\/uploads\\\/2019\\\/04\\\/TAVAPLAC_span-1.jpg\",\"datePublished\":\"2018-05-30T06:34:23+00:00\",\"dateModified\":\"2024-11-20T07:24:27+00:00\",\"description\":\"Panneaux agglom\u00e9r\u00e9s, MDF et pl\u00e2tre plaqu\u00e9s avec du placage selon votre choix. D\u00e9coup\u00e9 sur mesure, avec \u00e9tiquettes et livraison \u00e0 l'adresse mentionn\u00e9e.\",\"breadcrumb\":{\"@id\":\"https:\\\/\\\/www.tavapan.ch\\\/fr\\\/produits\\\/panneaux-plaques\\\/tavaplac\\\/#breadcrumb\"},\"inLanguage\":\"fr-FR\",\"potentialAction\":[{\"@type\":\"ReadAction\",\"target\":[\"https:\\\/\\\/www.tavapan.ch\\\/fr\\\/produits\\\/panneaux-plaques\\\/tavaplac\\\/\"]}]},{\"@type\":\"ImageObject\",\"inLanguage\":\"fr-FR\",\"@id\":\"https:\\\/\\\/www.tavapan.ch\\\/fr\\\/produits\\\/panneaux-plaques\\\/tavaplac\\\/#primaryimage\",\"url\":\"https:\\\/\\\/www.tavapan.ch\\\/wp-content\\\/uploads\\\/2019\\\/04\\\/TAVAPLAC_span-1.jpg\",\"contentUrl\":\"https:\\\/\\\/www.tavapan.ch\\\/wp-content\\\/uploads\\\/2019\\\/04\\\/TAVAPLAC_span-1.jpg\",\"width\":1920,\"height\":1280,\"caption\":\"TAVAPLAC span 1\"},{\"@type\":\"BreadcrumbList\",\"@id\":\"https:\\\/\\\/www.tavapan.ch\\\/fr\\\/produits\\\/panneaux-plaques\\\/tavaplac\\\/#breadcrumb\",\"itemListElement\":[{\"@type\":\"ListItem\",\"position\":1,\"name\":\"Home\",\"item\":\"https:\\\/\\\/www.tavapan.ch\\\/fr\\\/\"},{\"@type\":\"ListItem\",\"position\":2,\"name\":\"Produits\",\"item\":\"https:\\\/\\\/www.tavapan.ch\\\/fr\\\/produits\\\/\"},{\"@type\":\"ListItem\",\"position\":3,\"name\":\"Panneaux plaqu\u00e9s\",\"item\":\"https:\\\/\\\/www.tavapan.ch\\\/fr\\\/produits\\\/panneaux-plaques\\\/\"},{\"@type\":\"ListItem\",\"position\":4,\"name\":\"TAVAPLAC\"}]},{\"@type\":\"WebSite\",\"@id\":\"https:\\\/\\\/www.tavapan.ch\\\/fr\\\/#website\",\"url\":\"https:\\\/\\\/www.tavapan.ch\\\/fr\\\/\",\"name\":\"tavapan.ch\",\"description\":\"Tavapan SA\",\"publisher\":{\"@id\":\"https:\\\/\\\/www.tavapan.ch\\\/fr\\\/#organization\"},\"potentialAction\":[{\"@type\":\"SearchAction\",\"target\":{\"@type\":\"EntryPoint\",\"urlTemplate\":\"https:\\\/\\\/www.tavapan.ch\\\/fr\\\/?s={search_term_string}\"},\"query-input\":{\"@type\":\"PropertyValueSpecification\",\"valueRequired\":true,\"valueName\":\"search_term_string\"}}],\"inLanguage\":\"fr-FR\"},{\"@type\":\"Organization\",\"@id\":\"https:\\\/\\\/www.tavapan.ch\\\/fr\\\/#organization\",\"name\":\"Tavapan SA\",\"url\":\"https:\\\/\\\/www.tavapan.ch\\\/fr\\\/\",\"logo\":{\"@type\":\"ImageObject\",\"inLanguage\":\"fr-FR\",\"@id\":\"https:\\\/\\\/www.tavapan.ch\\\/fr\\\/#\\\/schema\\\/logo\\\/image\\\/\",\"url\":\"https:\\\/\\\/www.tavapan.ch\\\/wp-content\\\/uploads\\\/2018\\\/02\\\/favicon.ico\",\"contentUrl\":\"https:\\\/\\\/www.tavapan.ch\\\/wp-content\\\/uploads\\\/2018\\\/02\\\/favicon.ico\",\"caption\":\"Tavapan SA\"},\"image\":{\"@id\":\"https:\\\/\\\/www.tavapan.ch\\\/fr\\\/#\\\/schema\\\/logo\\\/image\\\/\"}}]}<\/script>\n<!-- \/ Yoast SEO plugin. -->","yoast_head_json":{"title":"TAVAPLAC \u2012 Panneaux plaqu\u00e9s de bois v\u00e9ritable sur mesure","description":"Panneaux agglom\u00e9r\u00e9s, MDF et pl\u00e2tre plaqu\u00e9s avec du placage selon votre choix. D\u00e9coup\u00e9 sur mesure, avec \u00e9tiquettes et livraison \u00e0 l'adresse mentionn\u00e9e.","robots":{"index":"index","follow":"follow","max-snippet":"max-snippet:-1","max-image-preview":"max-image-preview:large","max-video-preview":"max-video-preview:-1"},"canonical":"https:\/\/www.tavapan.ch\/fr\/produits\/panneaux-plaques\/tavaplac\/","og_locale":"fr_FR","og_type":"article","og_title":"TAVAPLAC \u2012 Panneaux plaqu\u00e9s de bois v\u00e9ritable sur mesure","og_description":"Panneaux agglom\u00e9r\u00e9s, MDF et pl\u00e2tre plaqu\u00e9s avec du placage selon votre choix. D\u00e9coup\u00e9 sur mesure, avec \u00e9tiquettes et livraison \u00e0 l'adresse mentionn\u00e9e.","og_url":"https:\/\/www.tavapan.ch\/fr\/produits\/panneaux-plaques\/tavaplac\/","og_site_name":"tavapan.ch","article_modified_time":"2024-11-20T07:24:27+00:00","og_image":[{"width":1920,"height":1280,"url":"https:\/\/www.tavapan.ch\/wp-content\/uploads\/2019\/04\/TAVAPLAC_span-1.jpg","type":"image\/jpeg"}],"twitter_card":"summary_large_image","twitter_misc":{"Dur\u00e9e de lecture estim\u00e9e":"2 minutes"},"schema":{"@context":"https:\/\/schema.org","@graph":[{"@type":"WebPage","@id":"https:\/\/www.tavapan.ch\/fr\/produits\/panneaux-plaques\/tavaplac\/","url":"https:\/\/www.tavapan.ch\/fr\/produits\/panneaux-plaques\/tavaplac\/","name":"TAVAPLAC \u2012 Panneaux plaqu\u00e9s de bois v\u00e9ritable sur mesure","isPartOf":{"@id":"https:\/\/www.tavapan.ch\/fr\/#website"},"primaryImageOfPage":{"@id":"https:\/\/www.tavapan.ch\/fr\/produits\/panneaux-plaques\/tavaplac\/#primaryimage"},"image":{"@id":"https:\/\/www.tavapan.ch\/fr\/produits\/panneaux-plaques\/tavaplac\/#primaryimage"},"thumbnailUrl":"https:\/\/www.tavapan.ch\/wp-content\/uploads\/2019\/04\/TAVAPLAC_span-1.jpg","datePublished":"2018-05-30T06:34:23+00:00","dateModified":"2024-11-20T07:24:27+00:00","description":"Panneaux agglom\u00e9r\u00e9s, MDF et pl\u00e2tre plaqu\u00e9s avec du placage selon votre choix. D\u00e9coup\u00e9 sur mesure, avec \u00e9tiquettes et livraison \u00e0 l'adresse mentionn\u00e9e.","breadcrumb":{"@id":"https:\/\/www.tavapan.ch\/fr\/produits\/panneaux-plaques\/tavaplac\/#breadcrumb"},"inLanguage":"fr-FR","potentialAction":[{"@type":"ReadAction","target":["https:\/\/www.tavapan.ch\/fr\/produits\/panneaux-plaques\/tavaplac\/"]}]},{"@type":"ImageObject","inLanguage":"fr-FR","@id":"https:\/\/www.tavapan.ch\/fr\/produits\/panneaux-plaques\/tavaplac\/#primaryimage","url":"https:\/\/www.tavapan.ch\/wp-content\/uploads\/2019\/04\/TAVAPLAC_span-1.jpg","contentUrl":"https:\/\/www.tavapan.ch\/wp-content\/uploads\/2019\/04\/TAVAPLAC_span-1.jpg","width":1920,"height":1280,"caption":"TAVAPLAC span 1"},{"@type":"BreadcrumbList","@id":"https:\/\/www.tavapan.ch\/fr\/produits\/panneaux-plaques\/tavaplac\/#breadcrumb","itemListElement":[{"@type":"ListItem","position":1,"name":"Home","item":"https:\/\/www.tavapan.ch\/fr\/"},{"@type":"ListItem","position":2,"name":"Produits","item":"https:\/\/www.tavapan.ch\/fr\/produits\/"},{"@type":"ListItem","position":3,"name":"Panneaux plaqu\u00e9s","item":"https:\/\/www.tavapan.ch\/fr\/produits\/panneaux-plaques\/"},{"@type":"ListItem","position":4,"name":"TAVAPLAC"}]},{"@type":"WebSite","@id":"https:\/\/www.tavapan.ch\/fr\/#website","url":"https:\/\/www.tavapan.ch\/fr\/","name":"tavapan.ch","description":"Tavapan SA","publisher":{"@id":"https:\/\/www.tavapan.ch\/fr\/#organization"},"potentialAction":[{"@type":"SearchAction","target":{"@type":"EntryPoint","urlTemplate":"https:\/\/www.tavapan.ch\/fr\/?s={search_term_string}"},"query-input":{"@type":"PropertyValueSpecification","valueRequired":true,"valueName":"search_term_string"}}],"inLanguage":"fr-FR"},{"@type":"Organization","@id":"https:\/\/www.tavapan.ch\/fr\/#organization","name":"Tavapan SA","url":"https:\/\/www.tavapan.ch\/fr\/","logo":{"@type":"ImageObject","inLanguage":"fr-FR","@id":"https:\/\/www.tavapan.ch\/fr\/#\/schema\/logo\/image\/","url":"https:\/\/www.tavapan.ch\/wp-content\/uploads\/2018\/02\/favicon.ico","contentUrl":"https:\/\/www.tavapan.ch\/wp-content\/uploads\/2018\/02\/favicon.ico","caption":"Tavapan SA"},"image":{"@id":"https:\/\/www.tavapan.ch\/fr\/#\/schema\/logo\/image\/"}}]}},"_links":{"self":[{"href":"https:\/\/www.tavapan.ch\/fr\/wp-json\/wp\/v2\/pages\/1303","targetHints":{"allow":["GET"]}}],"collection":[{"href":"https:\/\/www.tavapan.ch\/fr\/wp-json\/wp\/v2\/pages"}],"about":[{"href":"https:\/\/www.tavapan.ch\/fr\/wp-json\/wp\/v2\/types\/page"}],"author":[{"embeddable":true,"href":"https:\/\/www.tavapan.ch\/fr\/wp-json\/wp\/v2\/users\/1"}],"replies":[{"embeddable":true,"href":"https:\/\/www.tavapan.ch\/fr\/wp-json\/wp\/v2\/comments?post=1303"}],"version-history":[{"count":3,"href":"https:\/\/www.tavapan.ch\/fr\/wp-json\/wp\/v2\/pages\/1303\/revisions"}],"predecessor-version":[{"id":3542,"href":"https:\/\/www.tavapan.ch\/fr\/wp-json\/wp\/v2\/pages\/1303\/revisions\/3542"}],"up":[{"embeddable":true,"href":"https:\/\/www.tavapan.ch\/fr\/wp-json\/wp\/v2\/pages\/1362"}],"wp:featuredmedia":[{"embeddable":true,"href":"https:\/\/www.tavapan.ch\/fr\/wp-json\/wp\/v2\/media\/3356"}],"wp:attachment":[{"href":"https:\/\/www.tavapan.ch\/fr\/wp-json\/wp\/v2\/media?parent=1303"}],"curies":[{"name":"wp","href":"https:\/\/api.w.org\/{rel}","templated":true}]}}