{"id":1309,"date":"2018-05-30T06:30:32","date_gmt":"2018-05-30T06:30:32","guid":{"rendered":"http:\/\/tavapan.ch\/produkteseite\/creawood\/"},"modified":"2024-11-20T07:32:06","modified_gmt":"2024-11-20T06:32:06","slug":"creawood","status":"publish","type":"page","link":"https:\/\/www.tavapan.ch\/fr\/produits\/panneaux-acoustiques\/creawood\/","title":{"rendered":"CREAWOOD"},"content":{"rendered":"<h2>CREAWOOD<\/h2>\n<p>Les lames acoustiques CREAWOOD\u00ae vous convaincront par leurs valeurs d\u2019absorption remarquables et leur design ind\u00e9modable. De leur composition et leur usinage na\u00eet une perforation carr\u00e9e raffin\u00e9e. Gr\u00e2ce \u00e0 leur profilage rain\u00e9 et cr\u00eat\u00e9, les lames peuvent \u00eatre align\u00e9es sans limite. Ainsi, parois et plafonds se composent d\u2019un habillage sans joint de fixation visible.<\/p>\n<h4>Avantages<\/h4>\n<p>Disponible \u00e9galement avec support en classe feu B1\/M1 (difficilement inflammable) et Euro-Classe B<\/p>\n<p>Montage facile et rapide \u00e0 l\u2019aide de crochet de fixation adapt\u00e9s au profilage des lames<\/p>\n<p>Multiples possibilit\u00e9s de composition<\/p>\n<p>Large champs fr\u00e9quentiel dans l\u2019absorption phonique<\/p>\n<p>Panneau support<\/p>\n<p>MDF<\/p>\n<p>Surface<\/p>\n<p>Plaqu\u00e9 bois, stratifi\u00e9, laqu\u00e9 selon gamme de couleur RAL\/NCS<\/p>\n<p>\u00c9paisseurs<\/p>\n<p>19 mm<\/p>\n<p>Formats standard<\/p>\n<p>2000, 2600, 2780, 3600, 4080 x 199 mm (surface utile = 192 mm)<\/p>\n<p>Rainurage de surface<\/p>\n<p>Entraxe: 8 mm, 12 mm, 28 mm<\/p>\n<p>Rainure: 4 mm<\/p>\n<p>Entraxe: 9 mm, 13 mm, 29 mm<\/p>\n<p>Rainure: 3 mm<\/p>\n<p>Entraxe: 10 mm, 14 mm<\/p>\n<p>Rainure: 2 mm<\/p>\n<p>Dos du panneau rainur\u00e9 ou ferm\u00e9<\/p>\n<p>Solution individuelle<\/p>\n<p>Voile acoustique<\/p>\n","protected":false},"excerpt":{"rendered":"<p>CREAWOOD Les lames acoustiques CREAWOOD\u00ae vous convaincront par leurs valeurs d\u2019absorption remarquables et leur design ind\u00e9modable. De leur composition et leur usinage na\u00eet une perforation carr\u00e9e<span class=\"excerpt-hellip\"> [\u2026]<\/span><\/p>\n","protected":false},"author":1,"featured_media":3320,"parent":1358,"menu_order":4,"comment_status":"closed","ping_status":"closed","template":"","meta":{"footnotes":""},"class_list":["post-1309","page","type-page","status-publish","has-post-thumbnail","hentry"],"yoast_head":"<!-- This site is optimized with the Yoast SEO plugin v27.5 - https:\/\/yoast.com\/product\/yoast-seo-wordpress\/ -->\n<title>CREAWOOD \u2012 La lamelle cr\u00e9ative pour une bonne acoustique<\/title>\n<meta name=\"description\" content=\"Lamelle fait en MDF avec des bons valeurs d&#039;absorption pour des rev\u00eatements acoustiques. Disponible avec divers d\u00e9cors selon votre choix.\" \/>\n<meta name=\"robots\" content=\"index, follow, max-snippet:-1, max-image-preview:large, max-video-preview:-1\" \/>\n<link rel=\"canonical\" href=\"https:\/\/www.tavapan.ch\/fr\/produits\/panneaux-acoustiques\/creawood\/\" \/>\n<meta property=\"og:locale\" content=\"fr_FR\" \/>\n<meta property=\"og:type\" content=\"article\" \/>\n<meta property=\"og:title\" content=\"CREAWOOD \u2012 La lamelle cr\u00e9ative pour une bonne acoustique\" \/>\n<meta property=\"og:description\" content=\"Lamelle fait en MDF avec des bons valeurs d&#039;absorption pour des rev\u00eatements acoustiques. Disponible avec divers d\u00e9cors selon votre choix.\" \/>\n<meta property=\"og:url\" content=\"https:\/\/www.tavapan.ch\/fr\/produits\/panneaux-acoustiques\/creawood\/\" \/>\n<meta property=\"og:site_name\" content=\"tavapan.ch\" \/>\n<meta property=\"article:modified_time\" content=\"2024-11-20T06:32:06+00:00\" \/>\n<meta property=\"og:image\" content=\"https:\/\/www.tavapan.ch\/wp-content\/uploads\/2019\/04\/CREAWOOD-1.jpg\" \/>\n\t<meta property=\"og:image:width\" content=\"1920\" \/>\n\t<meta property=\"og:image:height\" content=\"1280\" \/>\n\t<meta property=\"og:image:type\" content=\"image\/jpeg\" \/>\n<meta name=\"twitter:card\" content=\"summary_large_image\" \/>\n<meta name=\"twitter:label1\" content=\"Dur\u00e9e de lecture estim\u00e9e\" \/>\n\t<meta name=\"twitter:data1\" content=\"1 minute\" \/>\n<script type=\"application\/ld+json\" class=\"yoast-schema-graph\">{\"@context\":\"https:\\\/\\\/schema.org\",\"@graph\":[{\"@type\":\"WebPage\",\"@id\":\"https:\\\/\\\/www.tavapan.ch\\\/fr\\\/produits\\\/panneaux-acoustiques\\\/creawood\\\/\",\"url\":\"https:\\\/\\\/www.tavapan.ch\\\/fr\\\/produits\\\/panneaux-acoustiques\\\/creawood\\\/\",\"name\":\"CREAWOOD \u2012 La lamelle cr\u00e9ative pour une bonne acoustique\",\"isPartOf\":{\"@id\":\"https:\\\/\\\/www.tavapan.ch\\\/fr\\\/#website\"},\"primaryImageOfPage\":{\"@id\":\"https:\\\/\\\/www.tavapan.ch\\\/fr\\\/produits\\\/panneaux-acoustiques\\\/creawood\\\/#primaryimage\"},\"image\":{\"@id\":\"https:\\\/\\\/www.tavapan.ch\\\/fr\\\/produits\\\/panneaux-acoustiques\\\/creawood\\\/#primaryimage\"},\"thumbnailUrl\":\"https:\\\/\\\/www.tavapan.ch\\\/wp-content\\\/uploads\\\/2019\\\/04\\\/CREAWOOD-1.jpg\",\"datePublished\":\"2018-05-30T06:30:32+00:00\",\"dateModified\":\"2024-11-20T06:32:06+00:00\",\"description\":\"Lamelle fait en MDF avec des bons valeurs d'absorption pour des rev\u00eatements acoustiques. Disponible avec divers d\u00e9cors selon votre choix.\",\"breadcrumb\":{\"@id\":\"https:\\\/\\\/www.tavapan.ch\\\/fr\\\/produits\\\/panneaux-acoustiques\\\/creawood\\\/#breadcrumb\"},\"inLanguage\":\"fr-FR\",\"potentialAction\":[{\"@type\":\"ReadAction\",\"target\":[\"https:\\\/\\\/www.tavapan.ch\\\/fr\\\/produits\\\/panneaux-acoustiques\\\/creawood\\\/\"]}]},{\"@type\":\"ImageObject\",\"inLanguage\":\"fr-FR\",\"@id\":\"https:\\\/\\\/www.tavapan.ch\\\/fr\\\/produits\\\/panneaux-acoustiques\\\/creawood\\\/#primaryimage\",\"url\":\"https:\\\/\\\/www.tavapan.ch\\\/wp-content\\\/uploads\\\/2019\\\/04\\\/CREAWOOD-1.jpg\",\"contentUrl\":\"https:\\\/\\\/www.tavapan.ch\\\/wp-content\\\/uploads\\\/2019\\\/04\\\/CREAWOOD-1.jpg\",\"width\":1920,\"height\":1280,\"caption\":\"CREAWOOD 1\"},{\"@type\":\"BreadcrumbList\",\"@id\":\"https:\\\/\\\/www.tavapan.ch\\\/fr\\\/produits\\\/panneaux-acoustiques\\\/creawood\\\/#breadcrumb\",\"itemListElement\":[{\"@type\":\"ListItem\",\"position\":1,\"name\":\"Home\",\"item\":\"https:\\\/\\\/www.tavapan.ch\\\/fr\\\/\"},{\"@type\":\"ListItem\",\"position\":2,\"name\":\"Produits\",\"item\":\"https:\\\/\\\/www.tavapan.ch\\\/fr\\\/produits\\\/\"},{\"@type\":\"ListItem\",\"position\":3,\"name\":\"Panneaux acoustiques\",\"item\":\"https:\\\/\\\/www.tavapan.ch\\\/fr\\\/produits\\\/panneaux-acoustiques\\\/\"},{\"@type\":\"ListItem\",\"position\":4,\"name\":\"CREAWOOD\"}]},{\"@type\":\"WebSite\",\"@id\":\"https:\\\/\\\/www.tavapan.ch\\\/fr\\\/#website\",\"url\":\"https:\\\/\\\/www.tavapan.ch\\\/fr\\\/\",\"name\":\"tavapan.ch\",\"description\":\"Tavapan SA\",\"publisher\":{\"@id\":\"https:\\\/\\\/www.tavapan.ch\\\/fr\\\/#organization\"},\"potentialAction\":[{\"@type\":\"SearchAction\",\"target\":{\"@type\":\"EntryPoint\",\"urlTemplate\":\"https:\\\/\\\/www.tavapan.ch\\\/fr\\\/?s={search_term_string}\"},\"query-input\":{\"@type\":\"PropertyValueSpecification\",\"valueRequired\":true,\"valueName\":\"search_term_string\"}}],\"inLanguage\":\"fr-FR\"},{\"@type\":\"Organization\",\"@id\":\"https:\\\/\\\/www.tavapan.ch\\\/fr\\\/#organization\",\"name\":\"Tavapan SA\",\"url\":\"https:\\\/\\\/www.tavapan.ch\\\/fr\\\/\",\"logo\":{\"@type\":\"ImageObject\",\"inLanguage\":\"fr-FR\",\"@id\":\"https:\\\/\\\/www.tavapan.ch\\\/fr\\\/#\\\/schema\\\/logo\\\/image\\\/\",\"url\":\"https:\\\/\\\/www.tavapan.ch\\\/wp-content\\\/uploads\\\/2018\\\/02\\\/favicon.ico\",\"contentUrl\":\"https:\\\/\\\/www.tavapan.ch\\\/wp-content\\\/uploads\\\/2018\\\/02\\\/favicon.ico\",\"caption\":\"Tavapan SA\"},\"image\":{\"@id\":\"https:\\\/\\\/www.tavapan.ch\\\/fr\\\/#\\\/schema\\\/logo\\\/image\\\/\"}}]}<\/script>\n<!-- \/ Yoast SEO plugin. -->","yoast_head_json":{"title":"CREAWOOD \u2012 La lamelle cr\u00e9ative pour une bonne acoustique","description":"Lamelle fait en MDF avec des bons valeurs d'absorption pour des rev\u00eatements acoustiques. Disponible avec divers d\u00e9cors selon votre choix.","robots":{"index":"index","follow":"follow","max-snippet":"max-snippet:-1","max-image-preview":"max-image-preview:large","max-video-preview":"max-video-preview:-1"},"canonical":"https:\/\/www.tavapan.ch\/fr\/produits\/panneaux-acoustiques\/creawood\/","og_locale":"fr_FR","og_type":"article","og_title":"CREAWOOD \u2012 La lamelle cr\u00e9ative pour une bonne acoustique","og_description":"Lamelle fait en MDF avec des bons valeurs d'absorption pour des rev\u00eatements acoustiques. Disponible avec divers d\u00e9cors selon votre choix.","og_url":"https:\/\/www.tavapan.ch\/fr\/produits\/panneaux-acoustiques\/creawood\/","og_site_name":"tavapan.ch","article_modified_time":"2024-11-20T06:32:06+00:00","og_image":[{"width":1920,"height":1280,"url":"https:\/\/www.tavapan.ch\/wp-content\/uploads\/2019\/04\/CREAWOOD-1.jpg","type":"image\/jpeg"}],"twitter_card":"summary_large_image","twitter_misc":{"Dur\u00e9e de lecture estim\u00e9e":"1 minute"},"schema":{"@context":"https:\/\/schema.org","@graph":[{"@type":"WebPage","@id":"https:\/\/www.tavapan.ch\/fr\/produits\/panneaux-acoustiques\/creawood\/","url":"https:\/\/www.tavapan.ch\/fr\/produits\/panneaux-acoustiques\/creawood\/","name":"CREAWOOD \u2012 La lamelle cr\u00e9ative pour une bonne acoustique","isPartOf":{"@id":"https:\/\/www.tavapan.ch\/fr\/#website"},"primaryImageOfPage":{"@id":"https:\/\/www.tavapan.ch\/fr\/produits\/panneaux-acoustiques\/creawood\/#primaryimage"},"image":{"@id":"https:\/\/www.tavapan.ch\/fr\/produits\/panneaux-acoustiques\/creawood\/#primaryimage"},"thumbnailUrl":"https:\/\/www.tavapan.ch\/wp-content\/uploads\/2019\/04\/CREAWOOD-1.jpg","datePublished":"2018-05-30T06:30:32+00:00","dateModified":"2024-11-20T06:32:06+00:00","description":"Lamelle fait en MDF avec des bons valeurs d'absorption pour des rev\u00eatements acoustiques. Disponible avec divers d\u00e9cors selon votre choix.","breadcrumb":{"@id":"https:\/\/www.tavapan.ch\/fr\/produits\/panneaux-acoustiques\/creawood\/#breadcrumb"},"inLanguage":"fr-FR","potentialAction":[{"@type":"ReadAction","target":["https:\/\/www.tavapan.ch\/fr\/produits\/panneaux-acoustiques\/creawood\/"]}]},{"@type":"ImageObject","inLanguage":"fr-FR","@id":"https:\/\/www.tavapan.ch\/fr\/produits\/panneaux-acoustiques\/creawood\/#primaryimage","url":"https:\/\/www.tavapan.ch\/wp-content\/uploads\/2019\/04\/CREAWOOD-1.jpg","contentUrl":"https:\/\/www.tavapan.ch\/wp-content\/uploads\/2019\/04\/CREAWOOD-1.jpg","width":1920,"height":1280,"caption":"CREAWOOD 1"},{"@type":"BreadcrumbList","@id":"https:\/\/www.tavapan.ch\/fr\/produits\/panneaux-acoustiques\/creawood\/#breadcrumb","itemListElement":[{"@type":"ListItem","position":1,"name":"Home","item":"https:\/\/www.tavapan.ch\/fr\/"},{"@type":"ListItem","position":2,"name":"Produits","item":"https:\/\/www.tavapan.ch\/fr\/produits\/"},{"@type":"ListItem","position":3,"name":"Panneaux acoustiques","item":"https:\/\/www.tavapan.ch\/fr\/produits\/panneaux-acoustiques\/"},{"@type":"ListItem","position":4,"name":"CREAWOOD"}]},{"@type":"WebSite","@id":"https:\/\/www.tavapan.ch\/fr\/#website","url":"https:\/\/www.tavapan.ch\/fr\/","name":"tavapan.ch","description":"Tavapan SA","publisher":{"@id":"https:\/\/www.tavapan.ch\/fr\/#organization"},"potentialAction":[{"@type":"SearchAction","target":{"@type":"EntryPoint","urlTemplate":"https:\/\/www.tavapan.ch\/fr\/?s={search_term_string}"},"query-input":{"@type":"PropertyValueSpecification","valueRequired":true,"valueName":"search_term_string"}}],"inLanguage":"fr-FR"},{"@type":"Organization","@id":"https:\/\/www.tavapan.ch\/fr\/#organization","name":"Tavapan SA","url":"https:\/\/www.tavapan.ch\/fr\/","logo":{"@type":"ImageObject","inLanguage":"fr-FR","@id":"https:\/\/www.tavapan.ch\/fr\/#\/schema\/logo\/image\/","url":"https:\/\/www.tavapan.ch\/wp-content\/uploads\/2018\/02\/favicon.ico","contentUrl":"https:\/\/www.tavapan.ch\/wp-content\/uploads\/2018\/02\/favicon.ico","caption":"Tavapan SA"},"image":{"@id":"https:\/\/www.tavapan.ch\/fr\/#\/schema\/logo\/image\/"}}]}},"_links":{"self":[{"href":"https:\/\/www.tavapan.ch\/fr\/wp-json\/wp\/v2\/pages\/1309","targetHints":{"allow":["GET"]}}],"collection":[{"href":"https:\/\/www.tavapan.ch\/fr\/wp-json\/wp\/v2\/pages"}],"about":[{"href":"https:\/\/www.tavapan.ch\/fr\/wp-json\/wp\/v2\/types\/page"}],"author":[{"embeddable":true,"href":"https:\/\/www.tavapan.ch\/fr\/wp-json\/wp\/v2\/users\/1"}],"replies":[{"embeddable":true,"href":"https:\/\/www.tavapan.ch\/fr\/wp-json\/wp\/v2\/comments?post=1309"}],"version-history":[{"count":3,"href":"https:\/\/www.tavapan.ch\/fr\/wp-json\/wp\/v2\/pages\/1309\/revisions"}],"predecessor-version":[{"id":3553,"href":"https:\/\/www.tavapan.ch\/fr\/wp-json\/wp\/v2\/pages\/1309\/revisions\/3553"}],"up":[{"embeddable":true,"href":"https:\/\/www.tavapan.ch\/fr\/wp-json\/wp\/v2\/pages\/1358"}],"wp:featuredmedia":[{"embeddable":true,"href":"https:\/\/www.tavapan.ch\/fr\/wp-json\/wp\/v2\/media\/3320"}],"wp:attachment":[{"href":"https:\/\/www.tavapan.ch\/fr\/wp-json\/wp\/v2\/media?parent=1309"}],"curies":[{"name":"wp","href":"https:\/\/api.w.org\/{rel}","templated":true}]}}