{"id":1311,"date":"2018-05-30T06:32:07","date_gmt":"2018-05-30T06:32:07","guid":{"rendered":"http:\/\/tavapan.ch\/produkteseite\/tavaperf\/"},"modified":"2024-11-20T07:50:50","modified_gmt":"2024-11-20T06:50:50","slug":"tavaperf","status":"publish","type":"page","link":"https:\/\/www.tavapan.ch\/fr\/produits\/panneaux-acoustiques\/tavaperf\/","title":{"rendered":"TAVAPERF"},"content":{"rendered":"<h2>TAVAPERF<\/h2>\n<p>Le panneau acoustique TAVAPERF se caract\u00e9rise par sa multitude de possibilit\u00e9s offerte. Avec le choix du support, de la surface, du diam\u00e8tre et de l\u2019entraxe de perforation, il offre d\u2019innombrables options phoniques et optiques. Les perforations circulaires donnent un aspect clair et propre aux \u00e9l\u00e9ments. Disponible en formats individuels, il laisse libre cours \u00e0 vos d\u00e9sirs.<\/p>\n<h4>Avantages<\/h4>\n<p>Tous formats possibles (en tenant compte des formats du panneau support)<\/p>\n<p>Disponible \u00e9galement avec support en classe feu B1 (difficilement inflammable), Euro-Classe B et A2 (difficilement inflammable)<\/p>\n<p>Disponible \u00e9galement avec un support r\u00e9sistant \u00e0 l\u2019humidit\u00e9<\/p>\n<p>Fixation invisible gr\u00e2ce \u00e0 l\u2019usinage de trous borgnes<\/p>\n<p>Panneau support<\/p>\n<p>Agglom\u00e9r\u00e9, MDF, pl\u00e2tre, multiplis, etc.<\/p>\n<p>Surface<\/p>\n<p>Plaqu\u00e9 bois, stratifi\u00e9, m\u00e9lamin\u00e9, laqu\u00e9 selon gamme de couleur RAL\/NCS<\/p>\n<p>\u00c9paisseurs<\/p>\n<p>Standard 16 mm<\/p>\n<p>Autres \u00e9paisseurs \u00e9galement disponibles sur demande.<\/p>\n<p>Formats<\/p>\n<p>2050 x 680 mm<\/p>\n<p>2780 x 680, 1020 mm<\/p>\n<p>Format maximale : 4080 x 1250 mm<\/p>\n<p>Perforation de surface<\/p>\n<p>Entraxe: 8\/8, 16\/16, 32\/32 mm<\/p>\n<p>Diam\u00e8tre de perforation: 1.5, 3, 4, 6, 8, 10, 12 mm<\/p>\n<p>Autres variantes sur demande.<\/p>\n<p>Solutions individuelles<\/p>\n<p>Pose d\u2019un voile acoustique (am\u00e9lioration phonique)<\/p>\n<p>Usinage de trous borgnes pour fixation invisible<\/p>\n<p>D\u00e9coupes rondes ou angulaires<\/p>\n<p>Perforation arr\u00eat\u00e9e<\/p>\n<p>Bords non perfor\u00e9s<\/p>\n","protected":false},"excerpt":{"rendered":"<p>TAVAPERF Le panneau acoustique TAVAPERF se caract\u00e9rise par sa multitude de possibilit\u00e9s offerte. Avec le choix du support, de la surface, du diam\u00e8tre et de l\u2019entraxe<span class=\"excerpt-hellip\"> [\u2026]<\/span><\/p>\n","protected":false},"author":1,"featured_media":3332,"parent":1358,"menu_order":5,"comment_status":"closed","ping_status":"closed","template":"","meta":{"footnotes":""},"class_list":["post-1311","page","type-page","status-publish","has-post-thumbnail","hentry"],"yoast_head":"<!-- This site is optimized with the Yoast SEO plugin v27.5 - https:\/\/yoast.com\/product\/yoast-seo-wordpress\/ -->\n<title>TAVAPERF - Le panneau acoustique r\u00e9sistant au feu et au jet de ballons<\/title>\n<meta name=\"description\" content=\"Panneau p\u00e9rfor\u00e9, resistant au feu et au jet de ballons pour des rev\u00eatements acoustiques. Disponible avec divers d\u00e9cors selon votre choix.\" \/>\n<meta name=\"robots\" content=\"index, follow, max-snippet:-1, max-image-preview:large, max-video-preview:-1\" \/>\n<link rel=\"canonical\" href=\"https:\/\/www.tavapan.ch\/fr\/produits\/panneaux-acoustiques\/tavaperf\/\" \/>\n<meta property=\"og:locale\" content=\"fr_FR\" \/>\n<meta property=\"og:type\" content=\"article\" \/>\n<meta property=\"og:title\" content=\"TAVAPERF - Le panneau acoustique r\u00e9sistant au feu et au jet de ballons\" \/>\n<meta property=\"og:description\" content=\"Panneau p\u00e9rfor\u00e9, resistant au feu et au jet de ballons pour des rev\u00eatements acoustiques. Disponible avec divers d\u00e9cors selon votre choix.\" \/>\n<meta property=\"og:url\" content=\"https:\/\/www.tavapan.ch\/fr\/produits\/panneaux-acoustiques\/tavaperf\/\" \/>\n<meta property=\"og:site_name\" content=\"tavapan.ch\" \/>\n<meta property=\"article:modified_time\" content=\"2024-11-20T06:50:50+00:00\" \/>\n<meta property=\"og:image\" content=\"https:\/\/www.tavapan.ch\/wp-content\/uploads\/2019\/04\/TAVAPERF-1.jpg\" \/>\n\t<meta property=\"og:image:width\" content=\"1920\" \/>\n\t<meta property=\"og:image:height\" content=\"1280\" \/>\n\t<meta property=\"og:image:type\" content=\"image\/jpeg\" \/>\n<meta name=\"twitter:card\" content=\"summary_large_image\" \/>\n<meta name=\"twitter:label1\" content=\"Dur\u00e9e de lecture estim\u00e9e\" \/>\n\t<meta name=\"twitter:data1\" content=\"1 minute\" \/>\n<script type=\"application\/ld+json\" class=\"yoast-schema-graph\">{\"@context\":\"https:\\\/\\\/schema.org\",\"@graph\":[{\"@type\":\"WebPage\",\"@id\":\"https:\\\/\\\/www.tavapan.ch\\\/fr\\\/produits\\\/panneaux-acoustiques\\\/tavaperf\\\/\",\"url\":\"https:\\\/\\\/www.tavapan.ch\\\/fr\\\/produits\\\/panneaux-acoustiques\\\/tavaperf\\\/\",\"name\":\"TAVAPERF - Le panneau acoustique r\u00e9sistant au feu et au jet de ballons\",\"isPartOf\":{\"@id\":\"https:\\\/\\\/www.tavapan.ch\\\/fr\\\/#website\"},\"primaryImageOfPage\":{\"@id\":\"https:\\\/\\\/www.tavapan.ch\\\/fr\\\/produits\\\/panneaux-acoustiques\\\/tavaperf\\\/#primaryimage\"},\"image\":{\"@id\":\"https:\\\/\\\/www.tavapan.ch\\\/fr\\\/produits\\\/panneaux-acoustiques\\\/tavaperf\\\/#primaryimage\"},\"thumbnailUrl\":\"https:\\\/\\\/www.tavapan.ch\\\/wp-content\\\/uploads\\\/2019\\\/04\\\/TAVAPERF-1.jpg\",\"datePublished\":\"2018-05-30T06:32:07+00:00\",\"dateModified\":\"2024-11-20T06:50:50+00:00\",\"description\":\"Panneau p\u00e9rfor\u00e9, resistant au feu et au jet de ballons pour des rev\u00eatements acoustiques. Disponible avec divers d\u00e9cors selon votre choix.\",\"breadcrumb\":{\"@id\":\"https:\\\/\\\/www.tavapan.ch\\\/fr\\\/produits\\\/panneaux-acoustiques\\\/tavaperf\\\/#breadcrumb\"},\"inLanguage\":\"fr-FR\",\"potentialAction\":[{\"@type\":\"ReadAction\",\"target\":[\"https:\\\/\\\/www.tavapan.ch\\\/fr\\\/produits\\\/panneaux-acoustiques\\\/tavaperf\\\/\"]}]},{\"@type\":\"ImageObject\",\"inLanguage\":\"fr-FR\",\"@id\":\"https:\\\/\\\/www.tavapan.ch\\\/fr\\\/produits\\\/panneaux-acoustiques\\\/tavaperf\\\/#primaryimage\",\"url\":\"https:\\\/\\\/www.tavapan.ch\\\/wp-content\\\/uploads\\\/2019\\\/04\\\/TAVAPERF-1.jpg\",\"contentUrl\":\"https:\\\/\\\/www.tavapan.ch\\\/wp-content\\\/uploads\\\/2019\\\/04\\\/TAVAPERF-1.jpg\",\"width\":1920,\"height\":1280,\"caption\":\"TAVAPERF 1\"},{\"@type\":\"BreadcrumbList\",\"@id\":\"https:\\\/\\\/www.tavapan.ch\\\/fr\\\/produits\\\/panneaux-acoustiques\\\/tavaperf\\\/#breadcrumb\",\"itemListElement\":[{\"@type\":\"ListItem\",\"position\":1,\"name\":\"Home\",\"item\":\"https:\\\/\\\/www.tavapan.ch\\\/fr\\\/\"},{\"@type\":\"ListItem\",\"position\":2,\"name\":\"Produits\",\"item\":\"https:\\\/\\\/www.tavapan.ch\\\/fr\\\/produits\\\/\"},{\"@type\":\"ListItem\",\"position\":3,\"name\":\"Panneaux acoustiques\",\"item\":\"https:\\\/\\\/www.tavapan.ch\\\/fr\\\/produits\\\/panneaux-acoustiques\\\/\"},{\"@type\":\"ListItem\",\"position\":4,\"name\":\"TAVAPERF\"}]},{\"@type\":\"WebSite\",\"@id\":\"https:\\\/\\\/www.tavapan.ch\\\/fr\\\/#website\",\"url\":\"https:\\\/\\\/www.tavapan.ch\\\/fr\\\/\",\"name\":\"tavapan.ch\",\"description\":\"Tavapan SA\",\"publisher\":{\"@id\":\"https:\\\/\\\/www.tavapan.ch\\\/fr\\\/#organization\"},\"potentialAction\":[{\"@type\":\"SearchAction\",\"target\":{\"@type\":\"EntryPoint\",\"urlTemplate\":\"https:\\\/\\\/www.tavapan.ch\\\/fr\\\/?s={search_term_string}\"},\"query-input\":{\"@type\":\"PropertyValueSpecification\",\"valueRequired\":true,\"valueName\":\"search_term_string\"}}],\"inLanguage\":\"fr-FR\"},{\"@type\":\"Organization\",\"@id\":\"https:\\\/\\\/www.tavapan.ch\\\/fr\\\/#organization\",\"name\":\"Tavapan SA\",\"url\":\"https:\\\/\\\/www.tavapan.ch\\\/fr\\\/\",\"logo\":{\"@type\":\"ImageObject\",\"inLanguage\":\"fr-FR\",\"@id\":\"https:\\\/\\\/www.tavapan.ch\\\/fr\\\/#\\\/schema\\\/logo\\\/image\\\/\",\"url\":\"https:\\\/\\\/www.tavapan.ch\\\/wp-content\\\/uploads\\\/2018\\\/02\\\/favicon.ico\",\"contentUrl\":\"https:\\\/\\\/www.tavapan.ch\\\/wp-content\\\/uploads\\\/2018\\\/02\\\/favicon.ico\",\"caption\":\"Tavapan SA\"},\"image\":{\"@id\":\"https:\\\/\\\/www.tavapan.ch\\\/fr\\\/#\\\/schema\\\/logo\\\/image\\\/\"}}]}<\/script>\n<!-- \/ Yoast SEO plugin. -->","yoast_head_json":{"title":"TAVAPERF - Le panneau acoustique r\u00e9sistant au feu et au jet de ballons","description":"Panneau p\u00e9rfor\u00e9, resistant au feu et au jet de ballons pour des rev\u00eatements acoustiques. Disponible avec divers d\u00e9cors selon votre choix.","robots":{"index":"index","follow":"follow","max-snippet":"max-snippet:-1","max-image-preview":"max-image-preview:large","max-video-preview":"max-video-preview:-1"},"canonical":"https:\/\/www.tavapan.ch\/fr\/produits\/panneaux-acoustiques\/tavaperf\/","og_locale":"fr_FR","og_type":"article","og_title":"TAVAPERF - Le panneau acoustique r\u00e9sistant au feu et au jet de ballons","og_description":"Panneau p\u00e9rfor\u00e9, resistant au feu et au jet de ballons pour des rev\u00eatements acoustiques. Disponible avec divers d\u00e9cors selon votre choix.","og_url":"https:\/\/www.tavapan.ch\/fr\/produits\/panneaux-acoustiques\/tavaperf\/","og_site_name":"tavapan.ch","article_modified_time":"2024-11-20T06:50:50+00:00","og_image":[{"width":1920,"height":1280,"url":"https:\/\/www.tavapan.ch\/wp-content\/uploads\/2019\/04\/TAVAPERF-1.jpg","type":"image\/jpeg"}],"twitter_card":"summary_large_image","twitter_misc":{"Dur\u00e9e de lecture estim\u00e9e":"1 minute"},"schema":{"@context":"https:\/\/schema.org","@graph":[{"@type":"WebPage","@id":"https:\/\/www.tavapan.ch\/fr\/produits\/panneaux-acoustiques\/tavaperf\/","url":"https:\/\/www.tavapan.ch\/fr\/produits\/panneaux-acoustiques\/tavaperf\/","name":"TAVAPERF - Le panneau acoustique r\u00e9sistant au feu et au jet de ballons","isPartOf":{"@id":"https:\/\/www.tavapan.ch\/fr\/#website"},"primaryImageOfPage":{"@id":"https:\/\/www.tavapan.ch\/fr\/produits\/panneaux-acoustiques\/tavaperf\/#primaryimage"},"image":{"@id":"https:\/\/www.tavapan.ch\/fr\/produits\/panneaux-acoustiques\/tavaperf\/#primaryimage"},"thumbnailUrl":"https:\/\/www.tavapan.ch\/wp-content\/uploads\/2019\/04\/TAVAPERF-1.jpg","datePublished":"2018-05-30T06:32:07+00:00","dateModified":"2024-11-20T06:50:50+00:00","description":"Panneau p\u00e9rfor\u00e9, resistant au feu et au jet de ballons pour des rev\u00eatements acoustiques. Disponible avec divers d\u00e9cors selon votre choix.","breadcrumb":{"@id":"https:\/\/www.tavapan.ch\/fr\/produits\/panneaux-acoustiques\/tavaperf\/#breadcrumb"},"inLanguage":"fr-FR","potentialAction":[{"@type":"ReadAction","target":["https:\/\/www.tavapan.ch\/fr\/produits\/panneaux-acoustiques\/tavaperf\/"]}]},{"@type":"ImageObject","inLanguage":"fr-FR","@id":"https:\/\/www.tavapan.ch\/fr\/produits\/panneaux-acoustiques\/tavaperf\/#primaryimage","url":"https:\/\/www.tavapan.ch\/wp-content\/uploads\/2019\/04\/TAVAPERF-1.jpg","contentUrl":"https:\/\/www.tavapan.ch\/wp-content\/uploads\/2019\/04\/TAVAPERF-1.jpg","width":1920,"height":1280,"caption":"TAVAPERF 1"},{"@type":"BreadcrumbList","@id":"https:\/\/www.tavapan.ch\/fr\/produits\/panneaux-acoustiques\/tavaperf\/#breadcrumb","itemListElement":[{"@type":"ListItem","position":1,"name":"Home","item":"https:\/\/www.tavapan.ch\/fr\/"},{"@type":"ListItem","position":2,"name":"Produits","item":"https:\/\/www.tavapan.ch\/fr\/produits\/"},{"@type":"ListItem","position":3,"name":"Panneaux acoustiques","item":"https:\/\/www.tavapan.ch\/fr\/produits\/panneaux-acoustiques\/"},{"@type":"ListItem","position":4,"name":"TAVAPERF"}]},{"@type":"WebSite","@id":"https:\/\/www.tavapan.ch\/fr\/#website","url":"https:\/\/www.tavapan.ch\/fr\/","name":"tavapan.ch","description":"Tavapan SA","publisher":{"@id":"https:\/\/www.tavapan.ch\/fr\/#organization"},"potentialAction":[{"@type":"SearchAction","target":{"@type":"EntryPoint","urlTemplate":"https:\/\/www.tavapan.ch\/fr\/?s={search_term_string}"},"query-input":{"@type":"PropertyValueSpecification","valueRequired":true,"valueName":"search_term_string"}}],"inLanguage":"fr-FR"},{"@type":"Organization","@id":"https:\/\/www.tavapan.ch\/fr\/#organization","name":"Tavapan SA","url":"https:\/\/www.tavapan.ch\/fr\/","logo":{"@type":"ImageObject","inLanguage":"fr-FR","@id":"https:\/\/www.tavapan.ch\/fr\/#\/schema\/logo\/image\/","url":"https:\/\/www.tavapan.ch\/wp-content\/uploads\/2018\/02\/favicon.ico","contentUrl":"https:\/\/www.tavapan.ch\/wp-content\/uploads\/2018\/02\/favicon.ico","caption":"Tavapan SA"},"image":{"@id":"https:\/\/www.tavapan.ch\/fr\/#\/schema\/logo\/image\/"}}]}},"_links":{"self":[{"href":"https:\/\/www.tavapan.ch\/fr\/wp-json\/wp\/v2\/pages\/1311","targetHints":{"allow":["GET"]}}],"collection":[{"href":"https:\/\/www.tavapan.ch\/fr\/wp-json\/wp\/v2\/pages"}],"about":[{"href":"https:\/\/www.tavapan.ch\/fr\/wp-json\/wp\/v2\/types\/page"}],"author":[{"embeddable":true,"href":"https:\/\/www.tavapan.ch\/fr\/wp-json\/wp\/v2\/users\/1"}],"replies":[{"embeddable":true,"href":"https:\/\/www.tavapan.ch\/fr\/wp-json\/wp\/v2\/comments?post=1311"}],"version-history":[{"count":5,"href":"https:\/\/www.tavapan.ch\/fr\/wp-json\/wp\/v2\/pages\/1311\/revisions"}],"predecessor-version":[{"id":3557,"href":"https:\/\/www.tavapan.ch\/fr\/wp-json\/wp\/v2\/pages\/1311\/revisions\/3557"}],"up":[{"embeddable":true,"href":"https:\/\/www.tavapan.ch\/fr\/wp-json\/wp\/v2\/pages\/1358"}],"wp:featuredmedia":[{"embeddable":true,"href":"https:\/\/www.tavapan.ch\/fr\/wp-json\/wp\/v2\/media\/3332"}],"wp:attachment":[{"href":"https:\/\/www.tavapan.ch\/fr\/wp-json\/wp\/v2\/media?parent=1311"}],"curies":[{"name":"wp","href":"https:\/\/api.w.org\/{rel}","templated":true}]}}