{"id":1313,"date":"2018-05-30T06:41:40","date_gmt":"2018-05-30T06:41:40","guid":{"rendered":"http:\/\/tavapan.ch\/produkteseite\/tavapetpvc\/"},"modified":"2024-11-20T08:43:53","modified_gmt":"2024-11-20T07:43:53","slug":"tavapetpvc","status":"publish","type":"page","link":"https:\/\/www.tavapan.ch\/fr\/produits\/panneaux-composites\/tavapetpvc\/","title":{"rendered":"TAVAPETpvc"},"content":{"rendered":"<h2>TAVAPETpvc<\/h2>\n<p>TAVAPET est de mani\u00e8re standard compos\u00e9 d\u2019une \u00e2me en PET avec des joues en PVC. Ce mat\u00e9riau composite atteint une haute et durable r\u00e9sistance contre les \u00e9l\u00e9ments naturels. De par ses bonnes performances, TAVAPETpvc est principalement utilis\u00e9 comme \u00e9largissement de cadre pour les fen\u00eatres pvc.<\/p>\n<h4>Avantages<\/h4>\n<p>Tr\u00e8s bonne isolation thermique<\/p>\n<p>Possibilit\u00e9 de visser dans les joues ou dans la partie m\u00e9diane<\/p>\n<p>Usinage avec outils habituels<\/p>\n<p>Poids tr\u00e8s l\u00e9ger<\/p>\n<p>100% imputrescible<\/p>\n<p>Haute qualit\u00e9 avec longue dur\u00e9e de vie<\/p>\n<p>Table<\/p>\n<p>Joues<\/p>\n<p>PVC avec couleur selon syst\u00e8me de fen\u00eatre<\/p>\n<p>Partie m\u00e9diane<\/p>\n<p>Mousse PET recycl\u00e9e, 100% r\u00e9sistante \u00e0 l\\&rsquo;eau<\/p>\n<p>Chants<\/p>\n<p>Non machin\u00e9, brut et non format\u00e9<\/p>\n<p>Formats<\/p>\n<p>5200 x 1020 mm<\/p>\n","protected":false},"excerpt":{"rendered":"<p>TAVAPETpvc TAVAPET est de mani\u00e8re standard compos\u00e9 d\u2019une \u00e2me en PET avec des joues en PVC. Ce mat\u00e9riau composite atteint une haute et durable r\u00e9sistance contre<span class=\"excerpt-hellip\"> [\u2026]<\/span><\/p>\n","protected":false},"author":1,"featured_media":3344,"parent":1354,"menu_order":6,"comment_status":"closed","ping_status":"closed","template":"","meta":{"footnotes":""},"class_list":["post-1313","page","type-page","status-publish","has-post-thumbnail","hentry"],"yoast_head":"<!-- This site is optimized with the Yoast SEO plugin v27.5 - https:\/\/yoast.com\/product\/yoast-seo-wordpress\/ -->\n<title>TAVAPETpvc \u2012 Panneau composite avec isolation PET<\/title>\n<meta name=\"description\" content=\"Le panneau compos\u00e9 d\u2019une \u00e2me en PET avec des joues en PVC. Tr\u00e8s bons valeurs thermiques, resistant \u00e0 l&#039;eau et un poids tr\u00e8s l\u00e9ger.\" \/>\n<meta name=\"robots\" content=\"index, follow, max-snippet:-1, max-image-preview:large, max-video-preview:-1\" \/>\n<link rel=\"canonical\" href=\"https:\/\/www.tavapan.ch\/fr\/produits\/panneaux-composites\/tavapetpvc\/\" \/>\n<meta property=\"og:locale\" content=\"fr_FR\" \/>\n<meta property=\"og:type\" content=\"article\" \/>\n<meta property=\"og:title\" content=\"TAVAPETpvc \u2012 Panneau composite avec isolation PET\" \/>\n<meta property=\"og:description\" content=\"Le panneau compos\u00e9 d\u2019une \u00e2me en PET avec des joues en PVC. Tr\u00e8s bons valeurs thermiques, resistant \u00e0 l&#039;eau et un poids tr\u00e8s l\u00e9ger.\" \/>\n<meta property=\"og:url\" content=\"https:\/\/www.tavapan.ch\/fr\/produits\/panneaux-composites\/tavapetpvc\/\" \/>\n<meta property=\"og:site_name\" content=\"tavapan.ch\" \/>\n<meta property=\"article:modified_time\" content=\"2024-11-20T07:43:53+00:00\" \/>\n<meta property=\"og:image\" content=\"https:\/\/www.tavapan.ch\/wp-content\/uploads\/2019\/04\/TAVAPETpvc-1.jpg\" \/>\n\t<meta property=\"og:image:width\" content=\"1920\" \/>\n\t<meta property=\"og:image:height\" content=\"1280\" \/>\n\t<meta property=\"og:image:type\" content=\"image\/jpeg\" \/>\n<meta name=\"twitter:card\" content=\"summary_large_image\" \/>\n<meta name=\"twitter:label1\" content=\"Dur\u00e9e de lecture estim\u00e9e\" \/>\n\t<meta name=\"twitter:data1\" content=\"1 minute\" \/>\n<script type=\"application\/ld+json\" class=\"yoast-schema-graph\">{\"@context\":\"https:\\\/\\\/schema.org\",\"@graph\":[{\"@type\":\"WebPage\",\"@id\":\"https:\\\/\\\/www.tavapan.ch\\\/fr\\\/produits\\\/panneaux-composites\\\/tavapetpvc\\\/\",\"url\":\"https:\\\/\\\/www.tavapan.ch\\\/fr\\\/produits\\\/panneaux-composites\\\/tavapetpvc\\\/\",\"name\":\"TAVAPETpvc \u2012 Panneau composite avec isolation PET\",\"isPartOf\":{\"@id\":\"https:\\\/\\\/www.tavapan.ch\\\/fr\\\/#website\"},\"primaryImageOfPage\":{\"@id\":\"https:\\\/\\\/www.tavapan.ch\\\/fr\\\/produits\\\/panneaux-composites\\\/tavapetpvc\\\/#primaryimage\"},\"image\":{\"@id\":\"https:\\\/\\\/www.tavapan.ch\\\/fr\\\/produits\\\/panneaux-composites\\\/tavapetpvc\\\/#primaryimage\"},\"thumbnailUrl\":\"https:\\\/\\\/www.tavapan.ch\\\/wp-content\\\/uploads\\\/2019\\\/04\\\/TAVAPETpvc-1.jpg\",\"datePublished\":\"2018-05-30T06:41:40+00:00\",\"dateModified\":\"2024-11-20T07:43:53+00:00\",\"description\":\"Le panneau compos\u00e9 d\u2019une \u00e2me en PET avec des joues en PVC. Tr\u00e8s bons valeurs thermiques, resistant \u00e0 l'eau et un poids tr\u00e8s l\u00e9ger.\",\"breadcrumb\":{\"@id\":\"https:\\\/\\\/www.tavapan.ch\\\/fr\\\/produits\\\/panneaux-composites\\\/tavapetpvc\\\/#breadcrumb\"},\"inLanguage\":\"fr-FR\",\"potentialAction\":[{\"@type\":\"ReadAction\",\"target\":[\"https:\\\/\\\/www.tavapan.ch\\\/fr\\\/produits\\\/panneaux-composites\\\/tavapetpvc\\\/\"]}]},{\"@type\":\"ImageObject\",\"inLanguage\":\"fr-FR\",\"@id\":\"https:\\\/\\\/www.tavapan.ch\\\/fr\\\/produits\\\/panneaux-composites\\\/tavapetpvc\\\/#primaryimage\",\"url\":\"https:\\\/\\\/www.tavapan.ch\\\/wp-content\\\/uploads\\\/2019\\\/04\\\/TAVAPETpvc-1.jpg\",\"contentUrl\":\"https:\\\/\\\/www.tavapan.ch\\\/wp-content\\\/uploads\\\/2019\\\/04\\\/TAVAPETpvc-1.jpg\",\"width\":1920,\"height\":1280,\"caption\":\"TAVAPETpvc 1\"},{\"@type\":\"BreadcrumbList\",\"@id\":\"https:\\\/\\\/www.tavapan.ch\\\/fr\\\/produits\\\/panneaux-composites\\\/tavapetpvc\\\/#breadcrumb\",\"itemListElement\":[{\"@type\":\"ListItem\",\"position\":1,\"name\":\"Home\",\"item\":\"https:\\\/\\\/www.tavapan.ch\\\/fr\\\/\"},{\"@type\":\"ListItem\",\"position\":2,\"name\":\"Produits\",\"item\":\"https:\\\/\\\/www.tavapan.ch\\\/fr\\\/produits\\\/\"},{\"@type\":\"ListItem\",\"position\":3,\"name\":\"Panneaux composites\",\"item\":\"https:\\\/\\\/www.tavapan.ch\\\/fr\\\/produits\\\/panneaux-composites\\\/\"},{\"@type\":\"ListItem\",\"position\":4,\"name\":\"TAVAPETpvc\"}]},{\"@type\":\"WebSite\",\"@id\":\"https:\\\/\\\/www.tavapan.ch\\\/fr\\\/#website\",\"url\":\"https:\\\/\\\/www.tavapan.ch\\\/fr\\\/\",\"name\":\"tavapan.ch\",\"description\":\"Tavapan SA\",\"publisher\":{\"@id\":\"https:\\\/\\\/www.tavapan.ch\\\/fr\\\/#organization\"},\"potentialAction\":[{\"@type\":\"SearchAction\",\"target\":{\"@type\":\"EntryPoint\",\"urlTemplate\":\"https:\\\/\\\/www.tavapan.ch\\\/fr\\\/?s={search_term_string}\"},\"query-input\":{\"@type\":\"PropertyValueSpecification\",\"valueRequired\":true,\"valueName\":\"search_term_string\"}}],\"inLanguage\":\"fr-FR\"},{\"@type\":\"Organization\",\"@id\":\"https:\\\/\\\/www.tavapan.ch\\\/fr\\\/#organization\",\"name\":\"Tavapan SA\",\"url\":\"https:\\\/\\\/www.tavapan.ch\\\/fr\\\/\",\"logo\":{\"@type\":\"ImageObject\",\"inLanguage\":\"fr-FR\",\"@id\":\"https:\\\/\\\/www.tavapan.ch\\\/fr\\\/#\\\/schema\\\/logo\\\/image\\\/\",\"url\":\"https:\\\/\\\/www.tavapan.ch\\\/wp-content\\\/uploads\\\/2018\\\/02\\\/favicon.ico\",\"contentUrl\":\"https:\\\/\\\/www.tavapan.ch\\\/wp-content\\\/uploads\\\/2018\\\/02\\\/favicon.ico\",\"caption\":\"Tavapan SA\"},\"image\":{\"@id\":\"https:\\\/\\\/www.tavapan.ch\\\/fr\\\/#\\\/schema\\\/logo\\\/image\\\/\"}}]}<\/script>\n<!-- \/ Yoast SEO plugin. -->","yoast_head_json":{"title":"TAVAPETpvc \u2012 Panneau composite avec isolation PET","description":"Le panneau compos\u00e9 d\u2019une \u00e2me en PET avec des joues en PVC. Tr\u00e8s bons valeurs thermiques, resistant \u00e0 l'eau et un poids tr\u00e8s l\u00e9ger.","robots":{"index":"index","follow":"follow","max-snippet":"max-snippet:-1","max-image-preview":"max-image-preview:large","max-video-preview":"max-video-preview:-1"},"canonical":"https:\/\/www.tavapan.ch\/fr\/produits\/panneaux-composites\/tavapetpvc\/","og_locale":"fr_FR","og_type":"article","og_title":"TAVAPETpvc \u2012 Panneau composite avec isolation PET","og_description":"Le panneau compos\u00e9 d\u2019une \u00e2me en PET avec des joues en PVC. Tr\u00e8s bons valeurs thermiques, resistant \u00e0 l'eau et un poids tr\u00e8s l\u00e9ger.","og_url":"https:\/\/www.tavapan.ch\/fr\/produits\/panneaux-composites\/tavapetpvc\/","og_site_name":"tavapan.ch","article_modified_time":"2024-11-20T07:43:53+00:00","og_image":[{"width":1920,"height":1280,"url":"https:\/\/www.tavapan.ch\/wp-content\/uploads\/2019\/04\/TAVAPETpvc-1.jpg","type":"image\/jpeg"}],"twitter_card":"summary_large_image","twitter_misc":{"Dur\u00e9e de lecture estim\u00e9e":"1 minute"},"schema":{"@context":"https:\/\/schema.org","@graph":[{"@type":"WebPage","@id":"https:\/\/www.tavapan.ch\/fr\/produits\/panneaux-composites\/tavapetpvc\/","url":"https:\/\/www.tavapan.ch\/fr\/produits\/panneaux-composites\/tavapetpvc\/","name":"TAVAPETpvc \u2012 Panneau composite avec isolation PET","isPartOf":{"@id":"https:\/\/www.tavapan.ch\/fr\/#website"},"primaryImageOfPage":{"@id":"https:\/\/www.tavapan.ch\/fr\/produits\/panneaux-composites\/tavapetpvc\/#primaryimage"},"image":{"@id":"https:\/\/www.tavapan.ch\/fr\/produits\/panneaux-composites\/tavapetpvc\/#primaryimage"},"thumbnailUrl":"https:\/\/www.tavapan.ch\/wp-content\/uploads\/2019\/04\/TAVAPETpvc-1.jpg","datePublished":"2018-05-30T06:41:40+00:00","dateModified":"2024-11-20T07:43:53+00:00","description":"Le panneau compos\u00e9 d\u2019une \u00e2me en PET avec des joues en PVC. Tr\u00e8s bons valeurs thermiques, resistant \u00e0 l'eau et un poids tr\u00e8s l\u00e9ger.","breadcrumb":{"@id":"https:\/\/www.tavapan.ch\/fr\/produits\/panneaux-composites\/tavapetpvc\/#breadcrumb"},"inLanguage":"fr-FR","potentialAction":[{"@type":"ReadAction","target":["https:\/\/www.tavapan.ch\/fr\/produits\/panneaux-composites\/tavapetpvc\/"]}]},{"@type":"ImageObject","inLanguage":"fr-FR","@id":"https:\/\/www.tavapan.ch\/fr\/produits\/panneaux-composites\/tavapetpvc\/#primaryimage","url":"https:\/\/www.tavapan.ch\/wp-content\/uploads\/2019\/04\/TAVAPETpvc-1.jpg","contentUrl":"https:\/\/www.tavapan.ch\/wp-content\/uploads\/2019\/04\/TAVAPETpvc-1.jpg","width":1920,"height":1280,"caption":"TAVAPETpvc 1"},{"@type":"BreadcrumbList","@id":"https:\/\/www.tavapan.ch\/fr\/produits\/panneaux-composites\/tavapetpvc\/#breadcrumb","itemListElement":[{"@type":"ListItem","position":1,"name":"Home","item":"https:\/\/www.tavapan.ch\/fr\/"},{"@type":"ListItem","position":2,"name":"Produits","item":"https:\/\/www.tavapan.ch\/fr\/produits\/"},{"@type":"ListItem","position":3,"name":"Panneaux composites","item":"https:\/\/www.tavapan.ch\/fr\/produits\/panneaux-composites\/"},{"@type":"ListItem","position":4,"name":"TAVAPETpvc"}]},{"@type":"WebSite","@id":"https:\/\/www.tavapan.ch\/fr\/#website","url":"https:\/\/www.tavapan.ch\/fr\/","name":"tavapan.ch","description":"Tavapan SA","publisher":{"@id":"https:\/\/www.tavapan.ch\/fr\/#organization"},"potentialAction":[{"@type":"SearchAction","target":{"@type":"EntryPoint","urlTemplate":"https:\/\/www.tavapan.ch\/fr\/?s={search_term_string}"},"query-input":{"@type":"PropertyValueSpecification","valueRequired":true,"valueName":"search_term_string"}}],"inLanguage":"fr-FR"},{"@type":"Organization","@id":"https:\/\/www.tavapan.ch\/fr\/#organization","name":"Tavapan SA","url":"https:\/\/www.tavapan.ch\/fr\/","logo":{"@type":"ImageObject","inLanguage":"fr-FR","@id":"https:\/\/www.tavapan.ch\/fr\/#\/schema\/logo\/image\/","url":"https:\/\/www.tavapan.ch\/wp-content\/uploads\/2018\/02\/favicon.ico","contentUrl":"https:\/\/www.tavapan.ch\/wp-content\/uploads\/2018\/02\/favicon.ico","caption":"Tavapan SA"},"image":{"@id":"https:\/\/www.tavapan.ch\/fr\/#\/schema\/logo\/image\/"}}]}},"_links":{"self":[{"href":"https:\/\/www.tavapan.ch\/fr\/wp-json\/wp\/v2\/pages\/1313","targetHints":{"allow":["GET"]}}],"collection":[{"href":"https:\/\/www.tavapan.ch\/fr\/wp-json\/wp\/v2\/pages"}],"about":[{"href":"https:\/\/www.tavapan.ch\/fr\/wp-json\/wp\/v2\/types\/page"}],"author":[{"embeddable":true,"href":"https:\/\/www.tavapan.ch\/fr\/wp-json\/wp\/v2\/users\/1"}],"replies":[{"embeddable":true,"href":"https:\/\/www.tavapan.ch\/fr\/wp-json\/wp\/v2\/comments?post=1313"}],"version-history":[{"count":3,"href":"https:\/\/www.tavapan.ch\/fr\/wp-json\/wp\/v2\/pages\/1313\/revisions"}],"predecessor-version":[{"id":3560,"href":"https:\/\/www.tavapan.ch\/fr\/wp-json\/wp\/v2\/pages\/1313\/revisions\/3560"}],"up":[{"embeddable":true,"href":"https:\/\/www.tavapan.ch\/fr\/wp-json\/wp\/v2\/pages\/1354"}],"wp:featuredmedia":[{"embeddable":true,"href":"https:\/\/www.tavapan.ch\/fr\/wp-json\/wp\/v2\/media\/3344"}],"wp:attachment":[{"href":"https:\/\/www.tavapan.ch\/fr\/wp-json\/wp\/v2\/media?parent=1313"}],"curies":[{"name":"wp","href":"https:\/\/api.w.org\/{rel}","templated":true}]}}