{"id":1315,"date":"2018-05-30T06:40:29","date_gmt":"2018-05-30T06:40:29","guid":{"rendered":"http:\/\/tavapan.ch\/produkteseite\/tavapetclip\/"},"modified":"2024-11-20T08:57:38","modified_gmt":"2024-11-20T07:57:38","slug":"tavapetclip","status":"publish","type":"page","link":"https:\/\/www.tavapan.ch\/fr\/produits\/panneaux-composites\/tavapetclip\/","title":{"rendered":"TAVAPETclip"},"content":{"rendered":"<h2>TAVAPETclip<\/h2>\n<p>Cet \u00e9largissement de fen\u00eatres innovant avec profil clip s\u00e9duit par son efficience et sa long\u00e9vit\u00e9. Gr\u00e2ce \u00e0 son profil clip, cet \u00e9l\u00e9ment garanti un montage sur cadre rapide et \u00e9tanche \u00e0 la fois. Son \u00e2me en mousse PET lui prof\u00e8re une tr\u00e8s bonne isolation thermique et une longue dur\u00e9e de vie.<\/p>\n<h4>Avantages<\/h4>\n<p>Tr\u00e8s bonne isolation thermique<\/p>\n<p>Montage efficace avec profil clip<\/p>\n<p>Aucun joint d\\&rsquo;\u00e9tanch\u00e9it\u00e9 suppl\u00e9mentaire n\u00e9cessaire<\/p>\n<p>Possibilit\u00e9 de visser dans les joues ou dans la partie m\u00e9diane<\/p>\n<p>Usinage avec outils habituels<\/p>\n<p>Poids l\u00e9ger<\/p>\n<p>100% imputrescible<\/p>\n<p>Joues<\/p>\n<p>PVC avec couleur selon syst\u00e8me de fen\u00eatre<\/p>\n<p>Partie m\u00e9diane<\/p>\n<p>Mousse PET recycl\u00e9e, 100% r\u00e9sistante \u00e0 l\\&rsquo;eau<\/p>\n<p>Chants<\/p>\n<p>Un long chant avec profil de montage \u00e0 clipper<\/p>\n<p>Formats<\/p>\n<p>5200 x 100, 150, 200, 250, 300, 350 mm<\/p>\n","protected":false},"excerpt":{"rendered":"<p>TAVAPETclip Cet \u00e9largissement de fen\u00eatres innovant avec profil clip s\u00e9duit par son efficience et sa long\u00e9vit\u00e9. Gr\u00e2ce \u00e0 son profil clip, cet \u00e9l\u00e9ment garanti un montage<span class=\"excerpt-hellip\"> [\u2026]<\/span><\/p>\n","protected":false},"author":1,"featured_media":3338,"parent":1354,"menu_order":7,"comment_status":"closed","ping_status":"closed","template":"","meta":{"footnotes":""},"class_list":["post-1315","page","type-page","status-publish","has-post-thumbnail","hentry"],"yoast_head":"<!-- This site is optimized with the Yoast SEO plugin v27.4 - https:\/\/yoast.com\/product\/yoast-seo-wordpress\/ -->\n<title>TAVAPETclip \u2012 \u00c9largissement de fen\u00eatre pour les syst\u00e8mes PVC<\/title>\n<meta name=\"description\" content=\"\u00c9largissement avec isolation PET et profil clip adapt\u00e9 \u00e0 votre cadre PVC. D\u00e9coup\u00e9 sur mesure, avec etiquettes et livraison \u00e0 l&#039;adresse mentionn\u00e9.\" \/>\n<meta name=\"robots\" content=\"index, follow, max-snippet:-1, max-image-preview:large, max-video-preview:-1\" \/>\n<link rel=\"canonical\" href=\"https:\/\/www.tavapan.ch\/fr\/produits\/panneaux-composites\/tavapetclip\/\" \/>\n<meta property=\"og:locale\" content=\"fr_FR\" \/>\n<meta property=\"og:type\" content=\"article\" \/>\n<meta property=\"og:title\" content=\"TAVAPETclip \u2012 \u00c9largissement de fen\u00eatre pour les syst\u00e8mes PVC\" \/>\n<meta property=\"og:description\" content=\"\u00c9largissement avec isolation PET et profil clip adapt\u00e9 \u00e0 votre cadre PVC. D\u00e9coup\u00e9 sur mesure, avec etiquettes et livraison \u00e0 l&#039;adresse mentionn\u00e9.\" \/>\n<meta property=\"og:url\" content=\"https:\/\/www.tavapan.ch\/fr\/produits\/panneaux-composites\/tavapetclip\/\" \/>\n<meta property=\"og:site_name\" content=\"tavapan.ch\" \/>\n<meta property=\"article:modified_time\" content=\"2024-11-20T07:57:38+00:00\" \/>\n<meta property=\"og:image\" content=\"https:\/\/www.tavapan.ch\/wp-content\/uploads\/2019\/04\/TAVAPETclip-1.jpg\" \/>\n\t<meta property=\"og:image:width\" content=\"1920\" \/>\n\t<meta property=\"og:image:height\" content=\"1280\" \/>\n\t<meta property=\"og:image:type\" content=\"image\/jpeg\" \/>\n<meta name=\"twitter:card\" content=\"summary_large_image\" \/>\n<meta name=\"twitter:label1\" content=\"Dur\u00e9e de lecture estim\u00e9e\" \/>\n\t<meta name=\"twitter:data1\" content=\"1 minute\" \/>\n<script type=\"application\/ld+json\" class=\"yoast-schema-graph\">{\"@context\":\"https:\\\/\\\/schema.org\",\"@graph\":[{\"@type\":\"WebPage\",\"@id\":\"https:\\\/\\\/www.tavapan.ch\\\/fr\\\/produits\\\/panneaux-composites\\\/tavapetclip\\\/\",\"url\":\"https:\\\/\\\/www.tavapan.ch\\\/fr\\\/produits\\\/panneaux-composites\\\/tavapetclip\\\/\",\"name\":\"TAVAPETclip \u2012 \u00c9largissement de fen\u00eatre pour les syst\u00e8mes PVC\",\"isPartOf\":{\"@id\":\"https:\\\/\\\/www.tavapan.ch\\\/fr\\\/#website\"},\"primaryImageOfPage\":{\"@id\":\"https:\\\/\\\/www.tavapan.ch\\\/fr\\\/produits\\\/panneaux-composites\\\/tavapetclip\\\/#primaryimage\"},\"image\":{\"@id\":\"https:\\\/\\\/www.tavapan.ch\\\/fr\\\/produits\\\/panneaux-composites\\\/tavapetclip\\\/#primaryimage\"},\"thumbnailUrl\":\"https:\\\/\\\/www.tavapan.ch\\\/wp-content\\\/uploads\\\/2019\\\/04\\\/TAVAPETclip-1.jpg\",\"datePublished\":\"2018-05-30T06:40:29+00:00\",\"dateModified\":\"2024-11-20T07:57:38+00:00\",\"description\":\"\u00c9largissement avec isolation PET et profil clip adapt\u00e9 \u00e0 votre cadre PVC. D\u00e9coup\u00e9 sur mesure, avec etiquettes et livraison \u00e0 l'adresse mentionn\u00e9.\",\"breadcrumb\":{\"@id\":\"https:\\\/\\\/www.tavapan.ch\\\/fr\\\/produits\\\/panneaux-composites\\\/tavapetclip\\\/#breadcrumb\"},\"inLanguage\":\"fr-FR\",\"potentialAction\":[{\"@type\":\"ReadAction\",\"target\":[\"https:\\\/\\\/www.tavapan.ch\\\/fr\\\/produits\\\/panneaux-composites\\\/tavapetclip\\\/\"]}]},{\"@type\":\"ImageObject\",\"inLanguage\":\"fr-FR\",\"@id\":\"https:\\\/\\\/www.tavapan.ch\\\/fr\\\/produits\\\/panneaux-composites\\\/tavapetclip\\\/#primaryimage\",\"url\":\"https:\\\/\\\/www.tavapan.ch\\\/wp-content\\\/uploads\\\/2019\\\/04\\\/TAVAPETclip-1.jpg\",\"contentUrl\":\"https:\\\/\\\/www.tavapan.ch\\\/wp-content\\\/uploads\\\/2019\\\/04\\\/TAVAPETclip-1.jpg\",\"width\":1920,\"height\":1280,\"caption\":\"TAVAPETclip 1\"},{\"@type\":\"BreadcrumbList\",\"@id\":\"https:\\\/\\\/www.tavapan.ch\\\/fr\\\/produits\\\/panneaux-composites\\\/tavapetclip\\\/#breadcrumb\",\"itemListElement\":[{\"@type\":\"ListItem\",\"position\":1,\"name\":\"Home\",\"item\":\"https:\\\/\\\/www.tavapan.ch\\\/fr\\\/\"},{\"@type\":\"ListItem\",\"position\":2,\"name\":\"Produits\",\"item\":\"https:\\\/\\\/www.tavapan.ch\\\/fr\\\/produits\\\/\"},{\"@type\":\"ListItem\",\"position\":3,\"name\":\"Panneaux composites\",\"item\":\"https:\\\/\\\/www.tavapan.ch\\\/fr\\\/produits\\\/panneaux-composites\\\/\"},{\"@type\":\"ListItem\",\"position\":4,\"name\":\"TAVAPETclip\"}]},{\"@type\":\"WebSite\",\"@id\":\"https:\\\/\\\/www.tavapan.ch\\\/fr\\\/#website\",\"url\":\"https:\\\/\\\/www.tavapan.ch\\\/fr\\\/\",\"name\":\"tavapan.ch\",\"description\":\"Tavapan SA\",\"publisher\":{\"@id\":\"https:\\\/\\\/www.tavapan.ch\\\/fr\\\/#organization\"},\"potentialAction\":[{\"@type\":\"SearchAction\",\"target\":{\"@type\":\"EntryPoint\",\"urlTemplate\":\"https:\\\/\\\/www.tavapan.ch\\\/fr\\\/?s={search_term_string}\"},\"query-input\":{\"@type\":\"PropertyValueSpecification\",\"valueRequired\":true,\"valueName\":\"search_term_string\"}}],\"inLanguage\":\"fr-FR\"},{\"@type\":\"Organization\",\"@id\":\"https:\\\/\\\/www.tavapan.ch\\\/fr\\\/#organization\",\"name\":\"Tavapan SA\",\"url\":\"https:\\\/\\\/www.tavapan.ch\\\/fr\\\/\",\"logo\":{\"@type\":\"ImageObject\",\"inLanguage\":\"fr-FR\",\"@id\":\"https:\\\/\\\/www.tavapan.ch\\\/fr\\\/#\\\/schema\\\/logo\\\/image\\\/\",\"url\":\"https:\\\/\\\/www.tavapan.ch\\\/wp-content\\\/uploads\\\/2018\\\/02\\\/favicon.ico\",\"contentUrl\":\"https:\\\/\\\/www.tavapan.ch\\\/wp-content\\\/uploads\\\/2018\\\/02\\\/favicon.ico\",\"caption\":\"Tavapan SA\"},\"image\":{\"@id\":\"https:\\\/\\\/www.tavapan.ch\\\/fr\\\/#\\\/schema\\\/logo\\\/image\\\/\"}}]}<\/script>\n<!-- \/ Yoast SEO plugin. -->","yoast_head_json":{"title":"TAVAPETclip \u2012 \u00c9largissement de fen\u00eatre pour les syst\u00e8mes PVC","description":"\u00c9largissement avec isolation PET et profil clip adapt\u00e9 \u00e0 votre cadre PVC. D\u00e9coup\u00e9 sur mesure, avec etiquettes et livraison \u00e0 l'adresse mentionn\u00e9.","robots":{"index":"index","follow":"follow","max-snippet":"max-snippet:-1","max-image-preview":"max-image-preview:large","max-video-preview":"max-video-preview:-1"},"canonical":"https:\/\/www.tavapan.ch\/fr\/produits\/panneaux-composites\/tavapetclip\/","og_locale":"fr_FR","og_type":"article","og_title":"TAVAPETclip \u2012 \u00c9largissement de fen\u00eatre pour les syst\u00e8mes PVC","og_description":"\u00c9largissement avec isolation PET et profil clip adapt\u00e9 \u00e0 votre cadre PVC. D\u00e9coup\u00e9 sur mesure, avec etiquettes et livraison \u00e0 l'adresse mentionn\u00e9.","og_url":"https:\/\/www.tavapan.ch\/fr\/produits\/panneaux-composites\/tavapetclip\/","og_site_name":"tavapan.ch","article_modified_time":"2024-11-20T07:57:38+00:00","og_image":[{"width":1920,"height":1280,"url":"https:\/\/www.tavapan.ch\/wp-content\/uploads\/2019\/04\/TAVAPETclip-1.jpg","type":"image\/jpeg"}],"twitter_card":"summary_large_image","twitter_misc":{"Dur\u00e9e de lecture estim\u00e9e":"1 minute"},"schema":{"@context":"https:\/\/schema.org","@graph":[{"@type":"WebPage","@id":"https:\/\/www.tavapan.ch\/fr\/produits\/panneaux-composites\/tavapetclip\/","url":"https:\/\/www.tavapan.ch\/fr\/produits\/panneaux-composites\/tavapetclip\/","name":"TAVAPETclip \u2012 \u00c9largissement de fen\u00eatre pour les syst\u00e8mes PVC","isPartOf":{"@id":"https:\/\/www.tavapan.ch\/fr\/#website"},"primaryImageOfPage":{"@id":"https:\/\/www.tavapan.ch\/fr\/produits\/panneaux-composites\/tavapetclip\/#primaryimage"},"image":{"@id":"https:\/\/www.tavapan.ch\/fr\/produits\/panneaux-composites\/tavapetclip\/#primaryimage"},"thumbnailUrl":"https:\/\/www.tavapan.ch\/wp-content\/uploads\/2019\/04\/TAVAPETclip-1.jpg","datePublished":"2018-05-30T06:40:29+00:00","dateModified":"2024-11-20T07:57:38+00:00","description":"\u00c9largissement avec isolation PET et profil clip adapt\u00e9 \u00e0 votre cadre PVC. D\u00e9coup\u00e9 sur mesure, avec etiquettes et livraison \u00e0 l'adresse mentionn\u00e9.","breadcrumb":{"@id":"https:\/\/www.tavapan.ch\/fr\/produits\/panneaux-composites\/tavapetclip\/#breadcrumb"},"inLanguage":"fr-FR","potentialAction":[{"@type":"ReadAction","target":["https:\/\/www.tavapan.ch\/fr\/produits\/panneaux-composites\/tavapetclip\/"]}]},{"@type":"ImageObject","inLanguage":"fr-FR","@id":"https:\/\/www.tavapan.ch\/fr\/produits\/panneaux-composites\/tavapetclip\/#primaryimage","url":"https:\/\/www.tavapan.ch\/wp-content\/uploads\/2019\/04\/TAVAPETclip-1.jpg","contentUrl":"https:\/\/www.tavapan.ch\/wp-content\/uploads\/2019\/04\/TAVAPETclip-1.jpg","width":1920,"height":1280,"caption":"TAVAPETclip 1"},{"@type":"BreadcrumbList","@id":"https:\/\/www.tavapan.ch\/fr\/produits\/panneaux-composites\/tavapetclip\/#breadcrumb","itemListElement":[{"@type":"ListItem","position":1,"name":"Home","item":"https:\/\/www.tavapan.ch\/fr\/"},{"@type":"ListItem","position":2,"name":"Produits","item":"https:\/\/www.tavapan.ch\/fr\/produits\/"},{"@type":"ListItem","position":3,"name":"Panneaux composites","item":"https:\/\/www.tavapan.ch\/fr\/produits\/panneaux-composites\/"},{"@type":"ListItem","position":4,"name":"TAVAPETclip"}]},{"@type":"WebSite","@id":"https:\/\/www.tavapan.ch\/fr\/#website","url":"https:\/\/www.tavapan.ch\/fr\/","name":"tavapan.ch","description":"Tavapan SA","publisher":{"@id":"https:\/\/www.tavapan.ch\/fr\/#organization"},"potentialAction":[{"@type":"SearchAction","target":{"@type":"EntryPoint","urlTemplate":"https:\/\/www.tavapan.ch\/fr\/?s={search_term_string}"},"query-input":{"@type":"PropertyValueSpecification","valueRequired":true,"valueName":"search_term_string"}}],"inLanguage":"fr-FR"},{"@type":"Organization","@id":"https:\/\/www.tavapan.ch\/fr\/#organization","name":"Tavapan SA","url":"https:\/\/www.tavapan.ch\/fr\/","logo":{"@type":"ImageObject","inLanguage":"fr-FR","@id":"https:\/\/www.tavapan.ch\/fr\/#\/schema\/logo\/image\/","url":"https:\/\/www.tavapan.ch\/wp-content\/uploads\/2018\/02\/favicon.ico","contentUrl":"https:\/\/www.tavapan.ch\/wp-content\/uploads\/2018\/02\/favicon.ico","caption":"Tavapan SA"},"image":{"@id":"https:\/\/www.tavapan.ch\/fr\/#\/schema\/logo\/image\/"}}]}},"_links":{"self":[{"href":"https:\/\/www.tavapan.ch\/fr\/wp-json\/wp\/v2\/pages\/1315","targetHints":{"allow":["GET"]}}],"collection":[{"href":"https:\/\/www.tavapan.ch\/fr\/wp-json\/wp\/v2\/pages"}],"about":[{"href":"https:\/\/www.tavapan.ch\/fr\/wp-json\/wp\/v2\/types\/page"}],"author":[{"embeddable":true,"href":"https:\/\/www.tavapan.ch\/fr\/wp-json\/wp\/v2\/users\/1"}],"replies":[{"embeddable":true,"href":"https:\/\/www.tavapan.ch\/fr\/wp-json\/wp\/v2\/comments?post=1315"}],"version-history":[{"count":3,"href":"https:\/\/www.tavapan.ch\/fr\/wp-json\/wp\/v2\/pages\/1315\/revisions"}],"predecessor-version":[{"id":3563,"href":"https:\/\/www.tavapan.ch\/fr\/wp-json\/wp\/v2\/pages\/1315\/revisions\/3563"}],"up":[{"embeddable":true,"href":"https:\/\/www.tavapan.ch\/fr\/wp-json\/wp\/v2\/pages\/1354"}],"wp:featuredmedia":[{"embeddable":true,"href":"https:\/\/www.tavapan.ch\/fr\/wp-json\/wp\/v2\/media\/3338"}],"wp:attachment":[{"href":"https:\/\/www.tavapan.ch\/fr\/wp-json\/wp\/v2\/media?parent=1315"}],"curies":[{"name":"wp","href":"https:\/\/api.w.org\/{rel}","templated":true}]}}