{"id":1321,"date":"2018-05-30T06:23:20","date_gmt":"2018-05-30T06:23:20","guid":{"rendered":"http:\/\/tavapan.ch\/produkteseite\/tavapoly\/"},"modified":"2024-11-20T10:14:29","modified_gmt":"2024-11-20T09:14:29","slug":"tavapoly","status":"publish","type":"page","link":"https:\/\/www.tavapan.ch\/fr\/produits\/panneaux-composites\/tavapoly\/","title":{"rendered":"TAVAPOLY"},"content":{"rendered":"<h2>TAVAPOLY<\/h2>\n<p>Les panneaux d\u2019\u00e9largissement de cadres de type TAVAPOLY sont tous coll\u00e9s avec des entretoises. Ceci permet pr\u00e9cision et stabilit\u00e9 dans l\u2019\u00e9paisseur de l\u2019\u00e9l\u00e9ment. TAVAPOLY est disponible avec une surface brute, avec papier couche de fond blanc ou plaqu\u00e9 de bois v\u00e9ritable.<\/p>\n<h4>Avantages<\/h4>\n<p>D\u00e9lais de livraisons rapides de 1 \u00e0 2 semaines<\/p>\n<p>Disponible d\u00e9coup\u00e9 sur mesure, avec alaises et \u00e9tiquetage par commission<\/p>\n<p>Disponibles avec \u00e9paisseur sp\u00e9ciale<\/p>\n<p>Sur demande, livraison sur chantier<\/p>\n<p>Minimum de reste lors de d\u00e9bitage sur mesure<\/p>\n<p>Joues<br \/>\nPanneau agglom\u00e9r\u00e9.<br \/>\nDisponibles avec joues en MDF ext\u00e9rieur sur demande.<\/p>\n<p>Partie m\u00e9diane<br \/>\nMousse PU-Polyur\u00e9thanne sans CFC<\/p>\n<p>Surface<br \/>\nBrut, papier couche de fond blanc, plaqu\u00e9 bois<\/p>\n<p>\u00c9paisseurs<br \/>\nDe 28 jusqu&rsquo;\u00e0 120 mm, selon disponibilit\u00e9 de la mousse polyur\u00e9thanne<\/p>\n<p>Formats standard<br \/>\n2580, 3080, 4080, 5180* x 2040 mm<br \/>\n*except\u00e9 plaqu\u00e9 bois<\/p>\n","protected":false},"excerpt":{"rendered":"<p>TAVAPOLY Les panneaux d\u2019\u00e9largissement de cadres de type TAVAPOLY sont tous coll\u00e9s avec des entretoises. Ceci permet pr\u00e9cision et stabilit\u00e9 dans l\u2019\u00e9paisseur de l\u2019\u00e9l\u00e9ment. TAVAPOLY est<span class=\"excerpt-hellip\"> [\u2026]<\/span><\/p>\n","protected":false},"author":1,"featured_media":3359,"parent":1354,"menu_order":10,"comment_status":"closed","ping_status":"closed","template":"","meta":{"footnotes":""},"class_list":["post-1321","page","type-page","status-publish","has-post-thumbnail","hentry"],"yoast_head":"<!-- This site is optimized with the Yoast SEO plugin v27.5 - https:\/\/yoast.com\/product\/yoast-seo-wordpress\/ -->\n<title>TAVAPOLY \u2012 Panneau d&#039;\u00e9largissement avec alaises pour des fen\u00eatres bois<\/title>\n<meta name=\"description\" content=\"Panneaux d\u2019\u00e9largissement avec joues en agglom\u00e9r\u00e9 ou MDF et \u00e2me en polyur\u00e9thane. D\u00e9coup\u00e9 sur mesure, avec \u00e9tiquettes et livraison \u00e0 l&#039;adresse mentionn\u00e9e.\" \/>\n<meta name=\"robots\" content=\"index, follow, max-snippet:-1, max-image-preview:large, max-video-preview:-1\" \/>\n<link rel=\"canonical\" href=\"https:\/\/www.tavapan.ch\/fr\/produits\/panneaux-composites\/tavapoly\/\" \/>\n<meta property=\"og:locale\" content=\"fr_FR\" \/>\n<meta property=\"og:type\" content=\"article\" \/>\n<meta property=\"og:title\" content=\"TAVAPOLY \u2012 Panneau d&#039;\u00e9largissement avec alaises pour des fen\u00eatres bois\" \/>\n<meta property=\"og:description\" content=\"Panneaux d\u2019\u00e9largissement avec joues en agglom\u00e9r\u00e9 ou MDF et \u00e2me en polyur\u00e9thane. D\u00e9coup\u00e9 sur mesure, avec \u00e9tiquettes et livraison \u00e0 l&#039;adresse mentionn\u00e9e.\" \/>\n<meta property=\"og:url\" content=\"https:\/\/www.tavapan.ch\/fr\/produits\/panneaux-composites\/tavapoly\/\" \/>\n<meta property=\"og:site_name\" content=\"tavapan.ch\" \/>\n<meta property=\"article:modified_time\" content=\"2024-11-20T09:14:29+00:00\" \/>\n<meta property=\"og:image\" content=\"https:\/\/www.tavapan.ch\/wp-content\/uploads\/2019\/04\/TAVAPOLY-1.jpg\" \/>\n\t<meta property=\"og:image:width\" content=\"1920\" \/>\n\t<meta property=\"og:image:height\" content=\"1280\" \/>\n\t<meta property=\"og:image:type\" content=\"image\/jpeg\" \/>\n<meta name=\"twitter:card\" content=\"summary_large_image\" \/>\n<meta name=\"twitter:label1\" content=\"Dur\u00e9e de lecture estim\u00e9e\" \/>\n\t<meta name=\"twitter:data1\" content=\"1 minute\" \/>\n<script type=\"application\/ld+json\" class=\"yoast-schema-graph\">{\"@context\":\"https:\\\/\\\/schema.org\",\"@graph\":[{\"@type\":\"WebPage\",\"@id\":\"https:\\\/\\\/www.tavapan.ch\\\/fr\\\/produits\\\/panneaux-composites\\\/tavapoly\\\/\",\"url\":\"https:\\\/\\\/www.tavapan.ch\\\/fr\\\/produits\\\/panneaux-composites\\\/tavapoly\\\/\",\"name\":\"TAVAPOLY \u2012 Panneau d'\u00e9largissement avec alaises pour des fen\u00eatres bois\",\"isPartOf\":{\"@id\":\"https:\\\/\\\/www.tavapan.ch\\\/fr\\\/#website\"},\"primaryImageOfPage\":{\"@id\":\"https:\\\/\\\/www.tavapan.ch\\\/fr\\\/produits\\\/panneaux-composites\\\/tavapoly\\\/#primaryimage\"},\"image\":{\"@id\":\"https:\\\/\\\/www.tavapan.ch\\\/fr\\\/produits\\\/panneaux-composites\\\/tavapoly\\\/#primaryimage\"},\"thumbnailUrl\":\"https:\\\/\\\/www.tavapan.ch\\\/wp-content\\\/uploads\\\/2019\\\/04\\\/TAVAPOLY-1.jpg\",\"datePublished\":\"2018-05-30T06:23:20+00:00\",\"dateModified\":\"2024-11-20T09:14:29+00:00\",\"description\":\"Panneaux d\u2019\u00e9largissement avec joues en agglom\u00e9r\u00e9 ou MDF et \u00e2me en polyur\u00e9thane. D\u00e9coup\u00e9 sur mesure, avec \u00e9tiquettes et livraison \u00e0 l'adresse mentionn\u00e9e.\",\"breadcrumb\":{\"@id\":\"https:\\\/\\\/www.tavapan.ch\\\/fr\\\/produits\\\/panneaux-composites\\\/tavapoly\\\/#breadcrumb\"},\"inLanguage\":\"fr-FR\",\"potentialAction\":[{\"@type\":\"ReadAction\",\"target\":[\"https:\\\/\\\/www.tavapan.ch\\\/fr\\\/produits\\\/panneaux-composites\\\/tavapoly\\\/\"]}]},{\"@type\":\"ImageObject\",\"inLanguage\":\"fr-FR\",\"@id\":\"https:\\\/\\\/www.tavapan.ch\\\/fr\\\/produits\\\/panneaux-composites\\\/tavapoly\\\/#primaryimage\",\"url\":\"https:\\\/\\\/www.tavapan.ch\\\/wp-content\\\/uploads\\\/2019\\\/04\\\/TAVAPOLY-1.jpg\",\"contentUrl\":\"https:\\\/\\\/www.tavapan.ch\\\/wp-content\\\/uploads\\\/2019\\\/04\\\/TAVAPOLY-1.jpg\",\"width\":1920,\"height\":1280,\"caption\":\"TAVAPOLY 1\"},{\"@type\":\"BreadcrumbList\",\"@id\":\"https:\\\/\\\/www.tavapan.ch\\\/fr\\\/produits\\\/panneaux-composites\\\/tavapoly\\\/#breadcrumb\",\"itemListElement\":[{\"@type\":\"ListItem\",\"position\":1,\"name\":\"Home\",\"item\":\"https:\\\/\\\/www.tavapan.ch\\\/fr\\\/\"},{\"@type\":\"ListItem\",\"position\":2,\"name\":\"Produits\",\"item\":\"https:\\\/\\\/www.tavapan.ch\\\/fr\\\/produits\\\/\"},{\"@type\":\"ListItem\",\"position\":3,\"name\":\"Panneaux composites\",\"item\":\"https:\\\/\\\/www.tavapan.ch\\\/fr\\\/produits\\\/panneaux-composites\\\/\"},{\"@type\":\"ListItem\",\"position\":4,\"name\":\"TAVAPOLY\"}]},{\"@type\":\"WebSite\",\"@id\":\"https:\\\/\\\/www.tavapan.ch\\\/fr\\\/#website\",\"url\":\"https:\\\/\\\/www.tavapan.ch\\\/fr\\\/\",\"name\":\"tavapan.ch\",\"description\":\"Tavapan SA\",\"publisher\":{\"@id\":\"https:\\\/\\\/www.tavapan.ch\\\/fr\\\/#organization\"},\"potentialAction\":[{\"@type\":\"SearchAction\",\"target\":{\"@type\":\"EntryPoint\",\"urlTemplate\":\"https:\\\/\\\/www.tavapan.ch\\\/fr\\\/?s={search_term_string}\"},\"query-input\":{\"@type\":\"PropertyValueSpecification\",\"valueRequired\":true,\"valueName\":\"search_term_string\"}}],\"inLanguage\":\"fr-FR\"},{\"@type\":\"Organization\",\"@id\":\"https:\\\/\\\/www.tavapan.ch\\\/fr\\\/#organization\",\"name\":\"Tavapan SA\",\"url\":\"https:\\\/\\\/www.tavapan.ch\\\/fr\\\/\",\"logo\":{\"@type\":\"ImageObject\",\"inLanguage\":\"fr-FR\",\"@id\":\"https:\\\/\\\/www.tavapan.ch\\\/fr\\\/#\\\/schema\\\/logo\\\/image\\\/\",\"url\":\"https:\\\/\\\/www.tavapan.ch\\\/wp-content\\\/uploads\\\/2018\\\/02\\\/favicon.ico\",\"contentUrl\":\"https:\\\/\\\/www.tavapan.ch\\\/wp-content\\\/uploads\\\/2018\\\/02\\\/favicon.ico\",\"caption\":\"Tavapan SA\"},\"image\":{\"@id\":\"https:\\\/\\\/www.tavapan.ch\\\/fr\\\/#\\\/schema\\\/logo\\\/image\\\/\"}}]}<\/script>\n<!-- \/ Yoast SEO plugin. -->","yoast_head_json":{"title":"TAVAPOLY \u2012 Panneau d'\u00e9largissement avec alaises pour des fen\u00eatres bois","description":"Panneaux d\u2019\u00e9largissement avec joues en agglom\u00e9r\u00e9 ou MDF et \u00e2me en polyur\u00e9thane. D\u00e9coup\u00e9 sur mesure, avec \u00e9tiquettes et livraison \u00e0 l'adresse mentionn\u00e9e.","robots":{"index":"index","follow":"follow","max-snippet":"max-snippet:-1","max-image-preview":"max-image-preview:large","max-video-preview":"max-video-preview:-1"},"canonical":"https:\/\/www.tavapan.ch\/fr\/produits\/panneaux-composites\/tavapoly\/","og_locale":"fr_FR","og_type":"article","og_title":"TAVAPOLY \u2012 Panneau d'\u00e9largissement avec alaises pour des fen\u00eatres bois","og_description":"Panneaux d\u2019\u00e9largissement avec joues en agglom\u00e9r\u00e9 ou MDF et \u00e2me en polyur\u00e9thane. D\u00e9coup\u00e9 sur mesure, avec \u00e9tiquettes et livraison \u00e0 l'adresse mentionn\u00e9e.","og_url":"https:\/\/www.tavapan.ch\/fr\/produits\/panneaux-composites\/tavapoly\/","og_site_name":"tavapan.ch","article_modified_time":"2024-11-20T09:14:29+00:00","og_image":[{"width":1920,"height":1280,"url":"https:\/\/www.tavapan.ch\/wp-content\/uploads\/2019\/04\/TAVAPOLY-1.jpg","type":"image\/jpeg"}],"twitter_card":"summary_large_image","twitter_misc":{"Dur\u00e9e de lecture estim\u00e9e":"1 minute"},"schema":{"@context":"https:\/\/schema.org","@graph":[{"@type":"WebPage","@id":"https:\/\/www.tavapan.ch\/fr\/produits\/panneaux-composites\/tavapoly\/","url":"https:\/\/www.tavapan.ch\/fr\/produits\/panneaux-composites\/tavapoly\/","name":"TAVAPOLY \u2012 Panneau d'\u00e9largissement avec alaises pour des fen\u00eatres bois","isPartOf":{"@id":"https:\/\/www.tavapan.ch\/fr\/#website"},"primaryImageOfPage":{"@id":"https:\/\/www.tavapan.ch\/fr\/produits\/panneaux-composites\/tavapoly\/#primaryimage"},"image":{"@id":"https:\/\/www.tavapan.ch\/fr\/produits\/panneaux-composites\/tavapoly\/#primaryimage"},"thumbnailUrl":"https:\/\/www.tavapan.ch\/wp-content\/uploads\/2019\/04\/TAVAPOLY-1.jpg","datePublished":"2018-05-30T06:23:20+00:00","dateModified":"2024-11-20T09:14:29+00:00","description":"Panneaux d\u2019\u00e9largissement avec joues en agglom\u00e9r\u00e9 ou MDF et \u00e2me en polyur\u00e9thane. D\u00e9coup\u00e9 sur mesure, avec \u00e9tiquettes et livraison \u00e0 l'adresse mentionn\u00e9e.","breadcrumb":{"@id":"https:\/\/www.tavapan.ch\/fr\/produits\/panneaux-composites\/tavapoly\/#breadcrumb"},"inLanguage":"fr-FR","potentialAction":[{"@type":"ReadAction","target":["https:\/\/www.tavapan.ch\/fr\/produits\/panneaux-composites\/tavapoly\/"]}]},{"@type":"ImageObject","inLanguage":"fr-FR","@id":"https:\/\/www.tavapan.ch\/fr\/produits\/panneaux-composites\/tavapoly\/#primaryimage","url":"https:\/\/www.tavapan.ch\/wp-content\/uploads\/2019\/04\/TAVAPOLY-1.jpg","contentUrl":"https:\/\/www.tavapan.ch\/wp-content\/uploads\/2019\/04\/TAVAPOLY-1.jpg","width":1920,"height":1280,"caption":"TAVAPOLY 1"},{"@type":"BreadcrumbList","@id":"https:\/\/www.tavapan.ch\/fr\/produits\/panneaux-composites\/tavapoly\/#breadcrumb","itemListElement":[{"@type":"ListItem","position":1,"name":"Home","item":"https:\/\/www.tavapan.ch\/fr\/"},{"@type":"ListItem","position":2,"name":"Produits","item":"https:\/\/www.tavapan.ch\/fr\/produits\/"},{"@type":"ListItem","position":3,"name":"Panneaux composites","item":"https:\/\/www.tavapan.ch\/fr\/produits\/panneaux-composites\/"},{"@type":"ListItem","position":4,"name":"TAVAPOLY"}]},{"@type":"WebSite","@id":"https:\/\/www.tavapan.ch\/fr\/#website","url":"https:\/\/www.tavapan.ch\/fr\/","name":"tavapan.ch","description":"Tavapan SA","publisher":{"@id":"https:\/\/www.tavapan.ch\/fr\/#organization"},"potentialAction":[{"@type":"SearchAction","target":{"@type":"EntryPoint","urlTemplate":"https:\/\/www.tavapan.ch\/fr\/?s={search_term_string}"},"query-input":{"@type":"PropertyValueSpecification","valueRequired":true,"valueName":"search_term_string"}}],"inLanguage":"fr-FR"},{"@type":"Organization","@id":"https:\/\/www.tavapan.ch\/fr\/#organization","name":"Tavapan SA","url":"https:\/\/www.tavapan.ch\/fr\/","logo":{"@type":"ImageObject","inLanguage":"fr-FR","@id":"https:\/\/www.tavapan.ch\/fr\/#\/schema\/logo\/image\/","url":"https:\/\/www.tavapan.ch\/wp-content\/uploads\/2018\/02\/favicon.ico","contentUrl":"https:\/\/www.tavapan.ch\/wp-content\/uploads\/2018\/02\/favicon.ico","caption":"Tavapan SA"},"image":{"@id":"https:\/\/www.tavapan.ch\/fr\/#\/schema\/logo\/image\/"}}]}},"_links":{"self":[{"href":"https:\/\/www.tavapan.ch\/fr\/wp-json\/wp\/v2\/pages\/1321","targetHints":{"allow":["GET"]}}],"collection":[{"href":"https:\/\/www.tavapan.ch\/fr\/wp-json\/wp\/v2\/pages"}],"about":[{"href":"https:\/\/www.tavapan.ch\/fr\/wp-json\/wp\/v2\/types\/page"}],"author":[{"embeddable":true,"href":"https:\/\/www.tavapan.ch\/fr\/wp-json\/wp\/v2\/users\/1"}],"replies":[{"embeddable":true,"href":"https:\/\/www.tavapan.ch\/fr\/wp-json\/wp\/v2\/comments?post=1321"}],"version-history":[{"count":3,"href":"https:\/\/www.tavapan.ch\/fr\/wp-json\/wp\/v2\/pages\/1321\/revisions"}],"predecessor-version":[{"id":3574,"href":"https:\/\/www.tavapan.ch\/fr\/wp-json\/wp\/v2\/pages\/1321\/revisions\/3574"}],"up":[{"embeddable":true,"href":"https:\/\/www.tavapan.ch\/fr\/wp-json\/wp\/v2\/pages\/1354"}],"wp:featuredmedia":[{"embeddable":true,"href":"https:\/\/www.tavapan.ch\/fr\/wp-json\/wp\/v2\/media\/3359"}],"wp:attachment":[{"href":"https:\/\/www.tavapan.ch\/fr\/wp-json\/wp\/v2\/media?parent=1321"}],"curies":[{"name":"wp","href":"https:\/\/api.w.org\/{rel}","templated":true}]}}