{"id":1354,"date":"2018-05-30T08:39:43","date_gmt":"2018-05-30T08:39:43","guid":{"rendered":"http:\/\/tavapan.ch\/?page_id=1354"},"modified":"2021-08-31T08:50:39","modified_gmt":"2021-08-31T06:50:39","slug":"panneaux-composites","status":"publish","type":"page","link":"https:\/\/www.tavapan.ch\/fr\/produits\/panneaux-composites\/","title":{"rendered":"Panneaux composites"},"content":{"rendered":"<p><img decoding=\"async\" src=\"https:\/\/www.tavapan.ch\/wp-content\/uploads\/2019\/04\/TAVAPETpvc-1.jpg\" alt=\"TAVAPETpvc Rahmenverbreiterung PVC\"><\/p>\n<h3>TAVAPETpvc<\/h3>\n<h4>\u00c9l\u00e9ment sandwich avec joues en pvc et partie m\u00e9diane en mousse PET.<\/h4>\n<p><a href=\"https:\/\/www.tavapan.ch\/fr\/produits\/elements-sandwich\/tavapetpvc\/\">https:\/\/www.tavapan.ch\/fr\/produits\/elements-sandwich\/tavapetpvc\/<\/a><\/p>\n<p><img decoding=\"async\" src=\"https:\/\/www.tavapan.ch\/wp-content\/uploads\/2019\/04\/TAVAPETclip-1.jpg\" alt=\"TAVAPETclip Rahmenverbreiterung PVC\"><\/p>\n<h3>TAVAPETclip<\/h3>\n<h4>\u00c9l\u00e9ment sandwich avec joues en pvc et partie m\u00e9diane en mousse PET.<\/h4>\n<p><a href=\"https:\/\/www.tavapan.ch\/fr\/produits\/elements-sandwich\/tavapetclip\/\">https:\/\/www.tavapan.ch\/fr\/produits\/elements-sandwich\/tavapetclip\/<\/a><\/p>\n<p><img decoding=\"async\" src=\"https:\/\/www.tavapan.ch\/wp-content\/uploads\/2019\/04\/TAVAPETintegral-1.jpg\" alt=\"TAVAPETintegral Schwellenelement\"><\/p>\n<h3>TAVAPETintegral<\/h3>\n<h4>\u00c9l\u00e9ment sandwich pour des portes coulissantes.<\/h4>\n<p><a href=\"https:\/\/www.tavapan.ch\/fr\/produits\/elements-sandwich\/tavapetintegral\/\">https:\/\/www.tavapan.ch\/fr\/produits\/elements-sandwich\/tavapetintegral\/<\/a><\/p>\n<p><img decoding=\"async\" src=\"https:\/\/www.tavapan.ch\/wp-content\/uploads\/2019\/04\/TAVAPETwood-1.jpg\" alt=\"TAVAPETwood Rahmenverbreiterung Holzfenster\"><\/p>\n<h3>TAVAPETwood<\/h3>\n<h4>\u00c9l\u00e9ment sandwich avec joues en MDF ext\u00e9rieur et partie m\u00e9diane en mousse PET.<\/h4>\n<p><a href=\"https:\/\/www.tavapan.ch\/fr\/produits\/elements-sandwich\/tavapetwood\/\">https:\/\/www.tavapan.ch\/fr\/produits\/elements-sandwich\/tavapetwood\/<\/a><\/p>\n<p><img decoding=\"async\" src=\"https:\/\/www.tavapan.ch\/wp-content\/uploads\/2019\/04\/TAVAPOLY-1.jpg\" alt=\"TAVAPOLY Rahmenverbreiterungen Holz\"><\/p>\n<h3>TAVAPOLY<\/h3>\n<h4>Panneaux d\u2019\u00e9largissement avec joues en agglom\u00e9r\u00e9 ou MDF et \u00e2me en mousse polyur\u00e9thane.<\/h4>\n<p><a href=\"https:\/\/www.tavapan.ch\/fr\/produits\/elements-sandwich\/tavapoly\/\">https:\/\/www.tavapan.ch\/fr\/produits\/elements-sandwich\/tavapoly\/<\/a><\/p>\n","protected":false},"excerpt":{"rendered":"<p>TAVAPETpvc \u00c9l\u00e9ment sandwich avec joues en pvc et partie m\u00e9diane en mousse PET. https:\/\/www.tavapan.ch\/fr\/produits\/elements-sandwich\/tavapetpvc\/ TAVAPETclip \u00c9l\u00e9ment sandwich avec joues en pvc et partie m\u00e9diane en mousse<span class=\"excerpt-hellip\"> [\u2026]<\/span><\/p>\n","protected":false},"author":1,"featured_media":0,"parent":1301,"menu_order":3,"comment_status":"closed","ping_status":"closed","template":"","meta":{"footnotes":""},"class_list":["post-1354","page","type-page","status-publish","hentry"],"yoast_head":"<!-- This site is optimized with the Yoast SEO plugin v27.5 - https:\/\/yoast.com\/product\/yoast-seo-wordpress\/ -->\n<title>Panneaux composites<\/title>\n<meta name=\"description\" content=\"Les panneaux isolant de qualit\u00e9 pour vos \u00e9l\u00e9ments de fen\u00eatre.\" \/>\n<meta name=\"robots\" content=\"index, follow, max-snippet:-1, max-image-preview:large, max-video-preview:-1\" \/>\n<link rel=\"canonical\" href=\"https:\/\/www.tavapan.ch\/fr\/produits\/panneaux-composites\/\" \/>\n<meta property=\"og:locale\" content=\"fr_FR\" \/>\n<meta property=\"og:type\" content=\"article\" \/>\n<meta property=\"og:title\" content=\"Panneaux composites\" \/>\n<meta property=\"og:description\" content=\"Les panneaux isolant de qualit\u00e9 pour vos \u00e9l\u00e9ments de fen\u00eatre.\" \/>\n<meta property=\"og:url\" content=\"https:\/\/www.tavapan.ch\/fr\/produits\/panneaux-composites\/\" \/>\n<meta property=\"og:site_name\" content=\"tavapan.ch\" \/>\n<meta property=\"article:modified_time\" content=\"2021-08-31T06:50:39+00:00\" \/>\n<meta property=\"og:image\" content=\"https:\/\/www.tavapan.ch\/wp-content\/uploads\/2019\/04\/TAVAPETpvc-1.jpg\" \/>\n<meta name=\"twitter:card\" content=\"summary_large_image\" \/>\n<meta name=\"twitter:label1\" content=\"Dur\u00e9e de lecture estim\u00e9e\" \/>\n\t<meta name=\"twitter:data1\" content=\"2 minutes\" \/>\n<script type=\"application\/ld+json\" class=\"yoast-schema-graph\">{\"@context\":\"https:\\\/\\\/schema.org\",\"@graph\":[{\"@type\":\"WebPage\",\"@id\":\"https:\\\/\\\/www.tavapan.ch\\\/fr\\\/produits\\\/panneaux-composites\\\/\",\"url\":\"https:\\\/\\\/www.tavapan.ch\\\/fr\\\/produits\\\/panneaux-composites\\\/\",\"name\":\"Panneaux composites\",\"isPartOf\":{\"@id\":\"https:\\\/\\\/www.tavapan.ch\\\/fr\\\/#website\"},\"primaryImageOfPage\":{\"@id\":\"https:\\\/\\\/www.tavapan.ch\\\/fr\\\/produits\\\/panneaux-composites\\\/#primaryimage\"},\"image\":{\"@id\":\"https:\\\/\\\/www.tavapan.ch\\\/fr\\\/produits\\\/panneaux-composites\\\/#primaryimage\"},\"thumbnailUrl\":\"https:\\\/\\\/www.tavapan.ch\\\/wp-content\\\/uploads\\\/2019\\\/04\\\/TAVAPETpvc-1.jpg\",\"datePublished\":\"2018-05-30T08:39:43+00:00\",\"dateModified\":\"2021-08-31T06:50:39+00:00\",\"description\":\"Les panneaux isolant de qualit\u00e9 pour vos \u00e9l\u00e9ments de fen\u00eatre.\",\"breadcrumb\":{\"@id\":\"https:\\\/\\\/www.tavapan.ch\\\/fr\\\/produits\\\/panneaux-composites\\\/#breadcrumb\"},\"inLanguage\":\"fr-FR\",\"potentialAction\":[{\"@type\":\"ReadAction\",\"target\":[\"https:\\\/\\\/www.tavapan.ch\\\/fr\\\/produits\\\/panneaux-composites\\\/\"]}]},{\"@type\":\"ImageObject\",\"inLanguage\":\"fr-FR\",\"@id\":\"https:\\\/\\\/www.tavapan.ch\\\/fr\\\/produits\\\/panneaux-composites\\\/#primaryimage\",\"url\":\"https:\\\/\\\/www.tavapan.ch\\\/wp-content\\\/uploads\\\/2019\\\/04\\\/TAVAPETpvc-1.jpg\",\"contentUrl\":\"https:\\\/\\\/www.tavapan.ch\\\/wp-content\\\/uploads\\\/2019\\\/04\\\/TAVAPETpvc-1.jpg\"},{\"@type\":\"BreadcrumbList\",\"@id\":\"https:\\\/\\\/www.tavapan.ch\\\/fr\\\/produits\\\/panneaux-composites\\\/#breadcrumb\",\"itemListElement\":[{\"@type\":\"ListItem\",\"position\":1,\"name\":\"Home\",\"item\":\"https:\\\/\\\/www.tavapan.ch\\\/fr\\\/\"},{\"@type\":\"ListItem\",\"position\":2,\"name\":\"Produits\",\"item\":\"https:\\\/\\\/www.tavapan.ch\\\/fr\\\/produits\\\/\"},{\"@type\":\"ListItem\",\"position\":3,\"name\":\"Panneaux composites\"}]},{\"@type\":\"WebSite\",\"@id\":\"https:\\\/\\\/www.tavapan.ch\\\/fr\\\/#website\",\"url\":\"https:\\\/\\\/www.tavapan.ch\\\/fr\\\/\",\"name\":\"tavapan.ch\",\"description\":\"Tavapan SA\",\"publisher\":{\"@id\":\"https:\\\/\\\/www.tavapan.ch\\\/fr\\\/#organization\"},\"potentialAction\":[{\"@type\":\"SearchAction\",\"target\":{\"@type\":\"EntryPoint\",\"urlTemplate\":\"https:\\\/\\\/www.tavapan.ch\\\/fr\\\/?s={search_term_string}\"},\"query-input\":{\"@type\":\"PropertyValueSpecification\",\"valueRequired\":true,\"valueName\":\"search_term_string\"}}],\"inLanguage\":\"fr-FR\"},{\"@type\":\"Organization\",\"@id\":\"https:\\\/\\\/www.tavapan.ch\\\/fr\\\/#organization\",\"name\":\"Tavapan SA\",\"url\":\"https:\\\/\\\/www.tavapan.ch\\\/fr\\\/\",\"logo\":{\"@type\":\"ImageObject\",\"inLanguage\":\"fr-FR\",\"@id\":\"https:\\\/\\\/www.tavapan.ch\\\/fr\\\/#\\\/schema\\\/logo\\\/image\\\/\",\"url\":\"https:\\\/\\\/www.tavapan.ch\\\/wp-content\\\/uploads\\\/2018\\\/02\\\/favicon.ico\",\"contentUrl\":\"https:\\\/\\\/www.tavapan.ch\\\/wp-content\\\/uploads\\\/2018\\\/02\\\/favicon.ico\",\"caption\":\"Tavapan SA\"},\"image\":{\"@id\":\"https:\\\/\\\/www.tavapan.ch\\\/fr\\\/#\\\/schema\\\/logo\\\/image\\\/\"}}]}<\/script>\n<!-- \/ Yoast SEO plugin. -->","yoast_head_json":{"title":"Panneaux composites","description":"Les panneaux isolant de qualit\u00e9 pour vos \u00e9l\u00e9ments de fen\u00eatre.","robots":{"index":"index","follow":"follow","max-snippet":"max-snippet:-1","max-image-preview":"max-image-preview:large","max-video-preview":"max-video-preview:-1"},"canonical":"https:\/\/www.tavapan.ch\/fr\/produits\/panneaux-composites\/","og_locale":"fr_FR","og_type":"article","og_title":"Panneaux composites","og_description":"Les panneaux isolant de qualit\u00e9 pour vos \u00e9l\u00e9ments de fen\u00eatre.","og_url":"https:\/\/www.tavapan.ch\/fr\/produits\/panneaux-composites\/","og_site_name":"tavapan.ch","article_modified_time":"2021-08-31T06:50:39+00:00","og_image":[{"url":"https:\/\/www.tavapan.ch\/wp-content\/uploads\/2019\/04\/TAVAPETpvc-1.jpg","type":"","width":"","height":""}],"twitter_card":"summary_large_image","twitter_misc":{"Dur\u00e9e de lecture estim\u00e9e":"2 minutes"},"schema":{"@context":"https:\/\/schema.org","@graph":[{"@type":"WebPage","@id":"https:\/\/www.tavapan.ch\/fr\/produits\/panneaux-composites\/","url":"https:\/\/www.tavapan.ch\/fr\/produits\/panneaux-composites\/","name":"Panneaux composites","isPartOf":{"@id":"https:\/\/www.tavapan.ch\/fr\/#website"},"primaryImageOfPage":{"@id":"https:\/\/www.tavapan.ch\/fr\/produits\/panneaux-composites\/#primaryimage"},"image":{"@id":"https:\/\/www.tavapan.ch\/fr\/produits\/panneaux-composites\/#primaryimage"},"thumbnailUrl":"https:\/\/www.tavapan.ch\/wp-content\/uploads\/2019\/04\/TAVAPETpvc-1.jpg","datePublished":"2018-05-30T08:39:43+00:00","dateModified":"2021-08-31T06:50:39+00:00","description":"Les panneaux isolant de qualit\u00e9 pour vos \u00e9l\u00e9ments de fen\u00eatre.","breadcrumb":{"@id":"https:\/\/www.tavapan.ch\/fr\/produits\/panneaux-composites\/#breadcrumb"},"inLanguage":"fr-FR","potentialAction":[{"@type":"ReadAction","target":["https:\/\/www.tavapan.ch\/fr\/produits\/panneaux-composites\/"]}]},{"@type":"ImageObject","inLanguage":"fr-FR","@id":"https:\/\/www.tavapan.ch\/fr\/produits\/panneaux-composites\/#primaryimage","url":"https:\/\/www.tavapan.ch\/wp-content\/uploads\/2019\/04\/TAVAPETpvc-1.jpg","contentUrl":"https:\/\/www.tavapan.ch\/wp-content\/uploads\/2019\/04\/TAVAPETpvc-1.jpg"},{"@type":"BreadcrumbList","@id":"https:\/\/www.tavapan.ch\/fr\/produits\/panneaux-composites\/#breadcrumb","itemListElement":[{"@type":"ListItem","position":1,"name":"Home","item":"https:\/\/www.tavapan.ch\/fr\/"},{"@type":"ListItem","position":2,"name":"Produits","item":"https:\/\/www.tavapan.ch\/fr\/produits\/"},{"@type":"ListItem","position":3,"name":"Panneaux composites"}]},{"@type":"WebSite","@id":"https:\/\/www.tavapan.ch\/fr\/#website","url":"https:\/\/www.tavapan.ch\/fr\/","name":"tavapan.ch","description":"Tavapan SA","publisher":{"@id":"https:\/\/www.tavapan.ch\/fr\/#organization"},"potentialAction":[{"@type":"SearchAction","target":{"@type":"EntryPoint","urlTemplate":"https:\/\/www.tavapan.ch\/fr\/?s={search_term_string}"},"query-input":{"@type":"PropertyValueSpecification","valueRequired":true,"valueName":"search_term_string"}}],"inLanguage":"fr-FR"},{"@type":"Organization","@id":"https:\/\/www.tavapan.ch\/fr\/#organization","name":"Tavapan SA","url":"https:\/\/www.tavapan.ch\/fr\/","logo":{"@type":"ImageObject","inLanguage":"fr-FR","@id":"https:\/\/www.tavapan.ch\/fr\/#\/schema\/logo\/image\/","url":"https:\/\/www.tavapan.ch\/wp-content\/uploads\/2018\/02\/favicon.ico","contentUrl":"https:\/\/www.tavapan.ch\/wp-content\/uploads\/2018\/02\/favicon.ico","caption":"Tavapan SA"},"image":{"@id":"https:\/\/www.tavapan.ch\/fr\/#\/schema\/logo\/image\/"}}]}},"_links":{"self":[{"href":"https:\/\/www.tavapan.ch\/fr\/wp-json\/wp\/v2\/pages\/1354","targetHints":{"allow":["GET"]}}],"collection":[{"href":"https:\/\/www.tavapan.ch\/fr\/wp-json\/wp\/v2\/pages"}],"about":[{"href":"https:\/\/www.tavapan.ch\/fr\/wp-json\/wp\/v2\/types\/page"}],"author":[{"embeddable":true,"href":"https:\/\/www.tavapan.ch\/fr\/wp-json\/wp\/v2\/users\/1"}],"replies":[{"embeddable":true,"href":"https:\/\/www.tavapan.ch\/fr\/wp-json\/wp\/v2\/comments?post=1354"}],"version-history":[{"count":6,"href":"https:\/\/www.tavapan.ch\/fr\/wp-json\/wp\/v2\/pages\/1354\/revisions"}],"predecessor-version":[{"id":3748,"href":"https:\/\/www.tavapan.ch\/fr\/wp-json\/wp\/v2\/pages\/1354\/revisions\/3748"}],"up":[{"embeddable":true,"href":"https:\/\/www.tavapan.ch\/fr\/wp-json\/wp\/v2\/pages\/1301"}],"wp:attachment":[{"href":"https:\/\/www.tavapan.ch\/fr\/wp-json\/wp\/v2\/media?parent=1354"}],"curies":[{"name":"wp","href":"https:\/\/api.w.org\/{rel}","templated":true}]}}