{"id":359,"date":"2017-01-04T11:41:39","date_gmt":"2017-01-04T11:41:39","guid":{"rendered":"http:\/\/tavapan.ch\/process\/"},"modified":"2021-12-08T10:38:39","modified_gmt":"2021-12-08T09:38:39","slug":"services","status":"publish","type":"page","link":"https:\/\/www.tavapan.ch\/fr\/services\/","title":{"rendered":"Services"},"content":{"rendered":"\n<p><br>Heading<br>Options de finition<br>center<br>no-repeat;center top;;<br>auto<br><br>Desc<br>D\u00e9bitage\n<br>Les panneaux d\u00e9bit\u00e9s sur mesure fixe ou partielle sont, pour certains, meilleur march\u00e9 que des panneaux entiers d\u00e9bit\u00e9s par vos soins.\n<br>\n<br>Mat\u00e9riaux bois, plastiques, aluminium\n<br>Economie lors de d\u00e9bitage de panneaux plaqu\u00e9 avec du placage noble\n<br>Possibilit\u00e9 de d\u00e9bitage avec prise en compte de l\u2019image du placage\n<br>Mesures fixes selon liste de pi\u00e8ces avec \u00e9tiquetage\n<br>Des panneaux bruts peuvent \u00e9galement \u00eatre command\u00e9s\n<br><br>#ffffff<br>no-repeat;center top;;<br>auto<br>30px<br>30px 30px 15px<br><br>Desc<br>Traitement de surface\n<br>Brossage\n<br>\n<br>\n<br> \tStyle Chalet avec surface rustique\n<br> \tSurfaces avec structure\n<br> \tPanneaux 3-plis massifs\n<br> \tPanneaux plaqu\u00e9s avec placage \u00e9pais (p.ex. Ch\u00eane, Epic\u00e9a)\n<br>\n<br>\n<br>\n<br>\n<br>Format\n<br>\u2264 5800 x 2400 mm\n<br>\n<br>\n<br>Longeur minimale\n<br>800 mm\n<br>\n<br>\n<br>\n<br>Verni UV\n<br>\n<br>Verni UV \u00e9cologique \u00e0 base d&rsquo;eau\n<br>Huile UV\n<br>Finition de surface mat-satin\u00e9\n<br>Finition lasur\u00e9 blanc (divers degr\u00e9s)\n<br>\n<br>\n<br>\n<br>\n<br>Format\n<br>\u2264 4200 x 1250 mm\n<br>\n<br>\n<br>Epaisseur\n<br>\u2264 60 mm\n<br>\n<br>\n<br>\n<br>Laquage selon gamme RAL\/NCS\n<br>\n<br> \tLaquage RAL et NCS au rideau\n<br>\n<br>\n<br>\n<br>\n<br>Format\n<br>\u2264 4000 x 1100 mm\n<br>\n<br>\n<br>Epaisseur\n<br>\u2264 60 mm\n<br>\n<br>\n<br>Option\n<br>Laque de finition\n<br>\n<br>\n<br>\n<br>\n<br> \tLaquage RAL et NCS par giclage automatique (pour lamelles)\n<br>\n<br>\n<br>\n<br>\n<br>Format\n<br>\u2264 4080 x 250 mm\n<br>\n<br>\n<br>Epaisseur\n<br>\u2264 40 mm\n<br>\n<br>\n<br>\n<br>\n<br> \tLaquage RAL et NCS gicl\u00e9 \u00e0 la main\n<br><br>#ffffff<br>no-repeat;center top;;<br>auto<br>30px<br>30px 30px 15px<br><br>Desc<br>Traitement des chants\n<br>\n<br>Les panneaux sont machin\u00e9s selon votre demande :\n<br>\n<br>\n<br> \tRain\u00e9 et cr\u00eat\u00e9\n<br> \tRainur\u00e9 pour fausses languettes\n<br> \tBattue\n<br> \tBiais\n<br> \tProfil\n<br>\n<br>\n<br>Nous pouvons \u00e9galement plaquer les chants :\n<br>\n<br>\n<br> \tD\u00e9cors HPL, CPL\n<br> \tPVC\n<br> \tABS\n<br> \tPlacage de 0.3 \u00e0 2 mm, rayon adapt\u00e9 \u00e0 l&rsquo;\u00e9paisseur du chant\n<br> \tChants massifs jusqu&rsquo;\u00e0 45 x 20 mm\n<br>\n<br>\n<br>\n<br>\n<br>Longueur minimale\n<br>&gt; 250 mm\n<br>\n<br>\n<br>Largeur minimale\n<br>&gt; 55 mm\n<br>\n<br>\n<br>Epaisseur du panneau\n<br>11 &#8211; 60 mm\n<br>\n<br><br>#ffffff<br>no-repeat;center top;;<br>auto<br>30px<br>30px 30px 15px<br><br>Nous vous conseillons volontiers!<br>h3<br>N\u2019h\u00e9sitez pas \u00e0 nous faire une demande pour plus d\u2019informations ou une soumissions individuelle.<br>icon-lamp<br>left<br><a href=\"https:\/\/www.tavapan.ch\/en\/contact\/\">https:\/\/www.tavapan.ch\/fr\/contact\/<\/a><br>fadeInRight<br><br><\/p>\n","protected":false},"excerpt":{"rendered":"<p>HeadingOptions de finitioncenterno-repeat;center top;;auto DescD\u00e9bitage Les panneaux d\u00e9bit\u00e9s sur mesure fixe ou partielle sont, pour certains, meilleur march\u00e9 que des panneaux entiers d\u00e9bit\u00e9s par vos soins.<span class=\"excerpt-hellip\"> [\u2026]<\/span><\/p>\n","protected":false},"author":1,"featured_media":0,"parent":0,"menu_order":0,"comment_status":"closed","ping_status":"closed","template":"","meta":{"footnotes":""},"class_list":["post-359","page","type-page","status-publish","hentry"],"yoast_head":"<!-- This site is optimized with the Yoast SEO plugin v27.5 - https:\/\/yoast.com\/product\/yoast-seo-wordpress\/ -->\n<title>Services<\/title>\n<meta name=\"description\" content=\"Profitez de notre \u00e9quipement industriel. Nous vous offrons volontiers un d\u00e9bitage, un traitement de surface (brossage, vernissage, laquage...) ou des chants.\" \/>\n<meta name=\"robots\" content=\"index, follow, max-snippet:-1, max-image-preview:large, max-video-preview:-1\" \/>\n<link rel=\"canonical\" href=\"https:\/\/www.tavapan.ch\/fr\/services\/\" \/>\n<meta property=\"og:locale\" content=\"fr_FR\" \/>\n<meta property=\"og:type\" content=\"article\" \/>\n<meta property=\"og:title\" content=\"Services\" \/>\n<meta property=\"og:description\" content=\"Profitez de notre \u00e9quipement industriel. Nous vous offrons volontiers un d\u00e9bitage, un traitement de surface (brossage, vernissage, laquage...) ou des chants.\" \/>\n<meta property=\"og:url\" content=\"https:\/\/www.tavapan.ch\/fr\/services\/\" \/>\n<meta property=\"og:site_name\" content=\"tavapan.ch\" \/>\n<meta property=\"article:modified_time\" content=\"2021-12-08T09:38:39+00:00\" \/>\n<meta name=\"twitter:card\" content=\"summary_large_image\" \/>\n<meta name=\"twitter:label1\" content=\"Dur\u00e9e de lecture estim\u00e9e\" \/>\n\t<meta name=\"twitter:data1\" content=\"2 minutes\" \/>\n<script type=\"application\/ld+json\" class=\"yoast-schema-graph\">{\"@context\":\"https:\\\/\\\/schema.org\",\"@graph\":[{\"@type\":\"WebPage\",\"@id\":\"https:\\\/\\\/www.tavapan.ch\\\/fr\\\/services\\\/\",\"url\":\"https:\\\/\\\/www.tavapan.ch\\\/fr\\\/services\\\/\",\"name\":\"Services\",\"isPartOf\":{\"@id\":\"https:\\\/\\\/www.tavapan.ch\\\/fr\\\/#website\"},\"datePublished\":\"2017-01-04T11:41:39+00:00\",\"dateModified\":\"2021-12-08T09:38:39+00:00\",\"description\":\"Profitez de notre \u00e9quipement industriel. Nous vous offrons volontiers un d\u00e9bitage, un traitement de surface (brossage, vernissage, laquage...) ou des chants.\",\"breadcrumb\":{\"@id\":\"https:\\\/\\\/www.tavapan.ch\\\/fr\\\/services\\\/#breadcrumb\"},\"inLanguage\":\"fr-FR\",\"potentialAction\":[{\"@type\":\"ReadAction\",\"target\":[\"https:\\\/\\\/www.tavapan.ch\\\/fr\\\/services\\\/\"]}]},{\"@type\":\"BreadcrumbList\",\"@id\":\"https:\\\/\\\/www.tavapan.ch\\\/fr\\\/services\\\/#breadcrumb\",\"itemListElement\":[{\"@type\":\"ListItem\",\"position\":1,\"name\":\"Home\",\"item\":\"https:\\\/\\\/www.tavapan.ch\\\/fr\\\/\"},{\"@type\":\"ListItem\",\"position\":2,\"name\":\"Services\"}]},{\"@type\":\"WebSite\",\"@id\":\"https:\\\/\\\/www.tavapan.ch\\\/fr\\\/#website\",\"url\":\"https:\\\/\\\/www.tavapan.ch\\\/fr\\\/\",\"name\":\"tavapan.ch\",\"description\":\"Tavapan SA\",\"publisher\":{\"@id\":\"https:\\\/\\\/www.tavapan.ch\\\/fr\\\/#organization\"},\"potentialAction\":[{\"@type\":\"SearchAction\",\"target\":{\"@type\":\"EntryPoint\",\"urlTemplate\":\"https:\\\/\\\/www.tavapan.ch\\\/fr\\\/?s={search_term_string}\"},\"query-input\":{\"@type\":\"PropertyValueSpecification\",\"valueRequired\":true,\"valueName\":\"search_term_string\"}}],\"inLanguage\":\"fr-FR\"},{\"@type\":\"Organization\",\"@id\":\"https:\\\/\\\/www.tavapan.ch\\\/fr\\\/#organization\",\"name\":\"Tavapan SA\",\"url\":\"https:\\\/\\\/www.tavapan.ch\\\/fr\\\/\",\"logo\":{\"@type\":\"ImageObject\",\"inLanguage\":\"fr-FR\",\"@id\":\"https:\\\/\\\/www.tavapan.ch\\\/fr\\\/#\\\/schema\\\/logo\\\/image\\\/\",\"url\":\"https:\\\/\\\/www.tavapan.ch\\\/wp-content\\\/uploads\\\/2018\\\/02\\\/favicon.ico\",\"contentUrl\":\"https:\\\/\\\/www.tavapan.ch\\\/wp-content\\\/uploads\\\/2018\\\/02\\\/favicon.ico\",\"caption\":\"Tavapan SA\"},\"image\":{\"@id\":\"https:\\\/\\\/www.tavapan.ch\\\/fr\\\/#\\\/schema\\\/logo\\\/image\\\/\"}}]}<\/script>\n<!-- \/ Yoast SEO plugin. -->","yoast_head_json":{"title":"Services","description":"Profitez de notre \u00e9quipement industriel. Nous vous offrons volontiers un d\u00e9bitage, un traitement de surface (brossage, vernissage, laquage...) ou des chants.","robots":{"index":"index","follow":"follow","max-snippet":"max-snippet:-1","max-image-preview":"max-image-preview:large","max-video-preview":"max-video-preview:-1"},"canonical":"https:\/\/www.tavapan.ch\/fr\/services\/","og_locale":"fr_FR","og_type":"article","og_title":"Services","og_description":"Profitez de notre \u00e9quipement industriel. Nous vous offrons volontiers un d\u00e9bitage, un traitement de surface (brossage, vernissage, laquage...) ou des chants.","og_url":"https:\/\/www.tavapan.ch\/fr\/services\/","og_site_name":"tavapan.ch","article_modified_time":"2021-12-08T09:38:39+00:00","twitter_card":"summary_large_image","twitter_misc":{"Dur\u00e9e de lecture estim\u00e9e":"2 minutes"},"schema":{"@context":"https:\/\/schema.org","@graph":[{"@type":"WebPage","@id":"https:\/\/www.tavapan.ch\/fr\/services\/","url":"https:\/\/www.tavapan.ch\/fr\/services\/","name":"Services","isPartOf":{"@id":"https:\/\/www.tavapan.ch\/fr\/#website"},"datePublished":"2017-01-04T11:41:39+00:00","dateModified":"2021-12-08T09:38:39+00:00","description":"Profitez de notre \u00e9quipement industriel. Nous vous offrons volontiers un d\u00e9bitage, un traitement de surface (brossage, vernissage, laquage...) ou des chants.","breadcrumb":{"@id":"https:\/\/www.tavapan.ch\/fr\/services\/#breadcrumb"},"inLanguage":"fr-FR","potentialAction":[{"@type":"ReadAction","target":["https:\/\/www.tavapan.ch\/fr\/services\/"]}]},{"@type":"BreadcrumbList","@id":"https:\/\/www.tavapan.ch\/fr\/services\/#breadcrumb","itemListElement":[{"@type":"ListItem","position":1,"name":"Home","item":"https:\/\/www.tavapan.ch\/fr\/"},{"@type":"ListItem","position":2,"name":"Services"}]},{"@type":"WebSite","@id":"https:\/\/www.tavapan.ch\/fr\/#website","url":"https:\/\/www.tavapan.ch\/fr\/","name":"tavapan.ch","description":"Tavapan SA","publisher":{"@id":"https:\/\/www.tavapan.ch\/fr\/#organization"},"potentialAction":[{"@type":"SearchAction","target":{"@type":"EntryPoint","urlTemplate":"https:\/\/www.tavapan.ch\/fr\/?s={search_term_string}"},"query-input":{"@type":"PropertyValueSpecification","valueRequired":true,"valueName":"search_term_string"}}],"inLanguage":"fr-FR"},{"@type":"Organization","@id":"https:\/\/www.tavapan.ch\/fr\/#organization","name":"Tavapan SA","url":"https:\/\/www.tavapan.ch\/fr\/","logo":{"@type":"ImageObject","inLanguage":"fr-FR","@id":"https:\/\/www.tavapan.ch\/fr\/#\/schema\/logo\/image\/","url":"https:\/\/www.tavapan.ch\/wp-content\/uploads\/2018\/02\/favicon.ico","contentUrl":"https:\/\/www.tavapan.ch\/wp-content\/uploads\/2018\/02\/favicon.ico","caption":"Tavapan SA"},"image":{"@id":"https:\/\/www.tavapan.ch\/fr\/#\/schema\/logo\/image\/"}}]}},"_links":{"self":[{"href":"https:\/\/www.tavapan.ch\/fr\/wp-json\/wp\/v2\/pages\/359","targetHints":{"allow":["GET"]}}],"collection":[{"href":"https:\/\/www.tavapan.ch\/fr\/wp-json\/wp\/v2\/pages"}],"about":[{"href":"https:\/\/www.tavapan.ch\/fr\/wp-json\/wp\/v2\/types\/page"}],"author":[{"embeddable":true,"href":"https:\/\/www.tavapan.ch\/fr\/wp-json\/wp\/v2\/users\/1"}],"replies":[{"embeddable":true,"href":"https:\/\/www.tavapan.ch\/fr\/wp-json\/wp\/v2\/comments?post=359"}],"version-history":[{"count":5,"href":"https:\/\/www.tavapan.ch\/fr\/wp-json\/wp\/v2\/pages\/359\/revisions"}],"predecessor-version":[{"id":3721,"href":"https:\/\/www.tavapan.ch\/fr\/wp-json\/wp\/v2\/pages\/359\/revisions\/3721"}],"wp:attachment":[{"href":"https:\/\/www.tavapan.ch\/fr\/wp-json\/wp\/v2\/media?parent=359"}],"curies":[{"name":"wp","href":"https:\/\/api.w.org\/{rel}","templated":true}]}}